{"id":178,"date":"2020-05-18T23:09:31","date_gmt":"2020-05-18T23:09:31","guid":{"rendered":"http:\/\/peruorigins.com\/?page_id=178"},"modified":"2020-07-12T03:51:22","modified_gmt":"2020-07-12T03:51:22","slug":"maca","status":"publish","type":"page","link":"https:\/\/peruorigins.com\/es\/maca\/","title":{"rendered":"Maca"},"content":{"rendered":"<p>Previous<br \/>\n\t\t\t\t\t\t\tNext<\/p>\n<h3>\n\t\t\t\t\t<\/h3>\n<h1>Lepidium meyenii \u00f3 Lepidium peruvianum<\/h1>\n<p>La maca, Lepidium meyenii \u00f3 Lepidium peruvianum, es nativa de la sierra central de los Andes del Per\u00fa, donde se le cultiva desde hace muchos siglos por sus ra\u00edces engrosadas, que son comestibles, crece principalmente en la regi\u00f3n andina peruana, en condiciones duras y en zonas muy altas por encima de los 4.000 metros sobre el nivel del mar.<\/p>\n<p>La maca es un tub\u00e9rculo nativo, al cual se le atribuye numerosas cualidades nutritivas como afrodisiacas.<\/p>\n<p>Para el 28 de Julio del 2004 fue considerada uno de los productos bandera del Per\u00fa.<\/p>\n<p>\t\t\t\t\t\t\t\t\t\t<img loading=\"lazy\" decoding=\"async\" width=\"1984\" height=\"142\" src=\"http:\/\/peruorigins.com\/wp-content\/uploads\/2020\/05\/linea-cultivo2.jpg\" alt=\"\" srcset=\"https:\/\/peruorigins.com\/wp-content\/uploads\/2020\/05\/linea-cultivo2.jpg 1984w, https:\/\/peruorigins.com\/wp-content\/uploads\/2020\/05\/linea-cultivo2-300x21.jpg 300w, https:\/\/peruorigins.com\/wp-content\/uploads\/2020\/05\/linea-cultivo2-1024x73.jpg 1024w, https:\/\/peruorigins.com\/wp-content\/uploads\/2020\/05\/linea-cultivo2-768x55.jpg 768w, https:\/\/peruorigins.com\/wp-content\/uploads\/2020\/05\/linea-cultivo2-1536x110.jpg 1536w, https:\/\/peruorigins.com\/wp-content\/uploads\/2020\/05\/linea-cultivo2-600x43.jpg 600w\" sizes=\"auto, (max-width: 1984px) 100vw, 1984px\" \/>\t\t\t\t\t\t\t\t\t\t\t<\/p>\n<h1><u>Propiedades<\/u><\/h1>\n<p>La maca contiene atributos reconstituyentes, fortificantes, energizantes y homeost\u00e1ticas.<\/p>\n<p>Su perfil nutritivo es similar al de los cereales, con un 60% de carbohidratos, 10% de prote\u00edna, 8.5% de fibra y 2.2% de grasas, es una fuente de minerales biodisponibles como el calcio, magnesio, f\u00f3sforo, potasio, azufre, sodio, cobre, hierro, zinc, selenio, yodo, bismuto manganeso, silicio y esta\u00f1o.<\/p>\n<p>Contribuye para reducir el colesterol, enfermedades cardiovasculares, ideal para la formaci\u00f3n de huesos o producci\u00f3n de hormonas.<\/p>\n<p>Por otro lado, contiene vitaminas del grupo B como la B1 y B2, que brindan energ\u00eda; vitamina C que ayuda a prevenir el c\u00e1ncer, a mantener los niveles \u00f3ptimos de colesterol, prevenir las arrugas, y mantener el coraz\u00f3n sano; y por \u00faltimo la vitamina E que ayuda a proteger la piel.<\/p>\n<h1><u>Beneficios<\/u><\/h1>\n<p>Por su riqueza nutricional la maca es un alimento que puede ser de mucha ayuda para cubrir requerimientos de determinados nutrientes y prevenir carencias, las propiedades de la maca hacen a este tub\u00e9rculo andino adecuado tanto para hombres como para mujeres.<\/p>\n<ul>\n<li>Ayuda en el adelgazamiento<\/li>\n<li>Aumenta la libido.<\/li>\n<li>Previene la diabetes.<\/li>\n<li>Ayuda en la salud del coraz\u00f3n.<\/li>\n<li>Combate la anemia.<\/li>\n<li>Fortalece el sistema inmune.<\/li>\n<li>Combate la osteoporosis.<\/li>\n<li>Ayuda en la menopausia.<\/li>\n<li>Mejora la fertilidad.<\/li>\n<li>Produce bienestar.<\/li>\n<\/ul>\n<p>\t\t\t\t\t\t\t\t\t\t<img loading=\"lazy\" decoding=\"async\" width=\"1984\" height=\"142\" src=\"http:\/\/peruorigins.com\/wp-content\/uploads\/2020\/05\/linea-cultivo2.jpg\" alt=\"\" srcset=\"https:\/\/peruorigins.com\/wp-content\/uploads\/2020\/05\/linea-cultivo2.jpg 1984w, https:\/\/peruorigins.com\/wp-content\/uploads\/2020\/05\/linea-cultivo2-300x21.jpg 300w, https:\/\/peruorigins.com\/wp-content\/uploads\/2020\/05\/linea-cultivo2-1024x73.jpg 1024w, https:\/\/peruorigins.com\/wp-content\/uploads\/2020\/05\/linea-cultivo2-768x55.jpg 768w, https:\/\/peruorigins.com\/wp-content\/uploads\/2020\/05\/linea-cultivo2-1536x110.jpg 1536w, https:\/\/peruorigins.com\/wp-content\/uploads\/2020\/05\/linea-cultivo2-600x43.jpg 600w\" sizes=\"auto, (max-width: 1984px) 100vw, 1984px\" \/>\t\t\t\t\t\t\t\t\t\t\t<\/p>\n<h1><b><u>Usos<\/u><\/b><\/h1>\n<p>El polvo de maca lo podemos usar en algunas preparaciones culinarias, se puede mezclar en yogures, batidos, mezclar con zumos de frutas y verduras para el desayuno o merienda. Es usado para la elaboraci\u00f3n de galletas caseras, pasteles u otros postres.<\/p>\n<h1><u>Presentaciones<\/u><\/h1>\n<p>\t\t\t\t\t\t\t\t\t\t<img loading=\"lazy\" decoding=\"async\" width=\"99\" height=\"99\" src=\"http:\/\/peruorigins.com\/wp-content\/uploads\/2020\/06\/powder.jpeg\" alt=\"\" \/>\t\t\t\t\t\t\t\t\t\t\t<\/p>\n<h1><u>Ubicaci\u00f3n<\/u><\/h1>\n<p>\t\t\t\t\t\t\t\t\t\t<img loading=\"lazy\" decoding=\"async\" width=\"805\" height=\"885\" src=\"http:\/\/peruorigins.com\/wp-content\/uploads\/2020\/05\/mapa_maca.jpg\" alt=\"\" srcset=\"https:\/\/peruorigins.com\/wp-content\/uploads\/2020\/05\/mapa_maca.jpg 805w, https:\/\/peruorigins.com\/wp-content\/uploads\/2020\/05\/mapa_maca-273x300.jpg 273w, https:\/\/peruorigins.com\/wp-content\/uploads\/2020\/05\/mapa_maca-768x844.jpg 768w, https:\/\/peruorigins.com\/wp-content\/uploads\/2020\/05\/mapa_maca-600x660.jpg 600w\" sizes=\"auto, (max-width: 805px) 100vw, 805px\" \/><br \/>\n\t\t\t\t\t\t\t\t\t\t<img loading=\"lazy\" decoding=\"async\" width=\"807\" height=\"107\" src=\"http:\/\/peruorigins.com\/wp-content\/uploads\/2020\/07\/maca_ingles.jpg\" alt=\"\" srcset=\"https:\/\/peruorigins.com\/wp-content\/uploads\/2020\/07\/maca_ingles.jpg 807w, https:\/\/peruorigins.com\/wp-content\/uploads\/2020\/07\/maca_ingles-300x40.jpg 300w, https:\/\/peruorigins.com\/wp-content\/uploads\/2020\/07\/maca_ingles-768x102.jpg 768w, https:\/\/peruorigins.com\/wp-content\/uploads\/2020\/07\/maca_ingles-600x80.jpg 600w\" sizes=\"auto, (max-width: 807px) 100vw, 807px\" \/><\/p>","protected":false},"excerpt":{"rendered":"<p>Previous Next Lepidium meyenii \u00f3 Lepidium peruvianum Maca root, Lepidium meyenii or Lepidium peruvianum, is native of the central highlands of the Peruvian Andes, where it has been cultivated for many centuries for its thickened and edible roots. It grows mainly in the Peruvian Andean region, in harsh conditions and in very high altitude above [&hellip;]<\/p>","protected":false},"author":1,"featured_media":0,"parent":0,"menu_order":0,"comment_status":"closed","ping_status":"closed","template":"","meta":{"_joinchat":[],"footnotes":""},"class_list":["post-178","page","type-page","status-publish","hentry","entry"],"_links":{"self":[{"href":"https:\/\/peruorigins.com\/es\/wp-json\/wp\/v2\/pages\/178","targetHints":{"allow":["GET"]}}],"collection":[{"href":"https:\/\/peruorigins.com\/es\/wp-json\/wp\/v2\/pages"}],"about":[{"href":"https:\/\/peruorigins.com\/es\/wp-json\/wp\/v2\/types\/page"}],"author":[{"embeddable":true,"href":"https:\/\/peruorigins.com\/es\/wp-json\/wp\/v2\/users\/1"}],"replies":[{"embeddable":true,"href":"https:\/\/peruorigins.com\/es\/wp-json\/wp\/v2\/comments?post=178"}],"version-history":[{"count":64,"href":"https:\/\/peruorigins.com\/es\/wp-json\/wp\/v2\/pages\/178\/revisions"}],"predecessor-version":[{"id":1361,"href":"https:\/\/peruorigins.com\/es\/wp-json\/wp\/v2\/pages\/178\/revisions\/1361"}],"wp:attachment":[{"href":"https:\/\/peruorigins.com\/es\/wp-json\/wp\/v2\/media?parent=178"}],"curies":[{"name":"wp","href":"https:\/\/api.w.org\/{rel}","templated":true}]}}