{"id":36,"date":"2020-05-13T02:00:11","date_gmt":"2020-05-13T02:00:11","guid":{"rendered":"http:\/\/peruorigins.com\/?page_id=36"},"modified":"2020-09-15T01:08:02","modified_gmt":"2020-09-15T01:08:02","slug":"inicio","status":"publish","type":"page","link":"https:\/\/peruorigins.com\/es\/","title":{"rendered":"Inicio"},"content":{"rendered":"<p><a href=\"https:\/\/peruorigins.com\/es\/nosotros\/\">PASSION FOR OUR LEGACYAbout us<\/a><a href=\"https:\/\/peruorigins.com\/es\/productos\/\">WE ONLY OFFER HIGH QUALITY PRODUCTSOur products<\/a><a href=\"#proceso\">THE BEST SELECTION FOR YOUOur process<\/a><br \/>\nPrevious<br \/>\nNext<\/p>\n<h2>\n                Nosotros<\/h2>\n<p>Somos una empresa peruana dedicada al procesamiento, comercializaci\u00f3n y exportaci\u00f3n de productos org\u00e1nicos y convencionales de alta calidad provenientes de la biodiversidad\nperuana.<\/p>\n<p>Estamos comprometidos con nuestra tierra y nuestros or\u00edgenes, promoviendo el desarrollo de comunidades en las \u00e1reas productivas de todo el Per\u00fa.<\/p>\n<p>Nuestro objetivo principal es establecer relaciones comerciales permanentes para\nproporcionar productos saludables y de alta calidad que ayuden a preservar la salud y mejorar la calidad de vida de todos nuestros clientes en todo el mundo.<\/p>\n<p><a href=\"https:\/\/peruorigins.com\/es\/nosotros\/\" role=\"button\"><br \/>\nCon\u00f3cenos m\u00e1s<br \/>\n<\/a><br \/>\n<img loading=\"lazy\" decoding=\"async\" width=\"1264\" height=\"712\" src=\"http:\/\/peruorigins.com\/wp-content\/uploads\/2020\/06\/Sin-t\u00edtulo-1.jpg\" alt=\"\" srcset=\"https:\/\/peruorigins.com\/wp-content\/uploads\/2020\/06\/Sin-t\u00edtulo-1.jpg 1264w, https:\/\/peruorigins.com\/wp-content\/uploads\/2020\/06\/Sin-t\u00edtulo-1-300x169.jpg 300w, https:\/\/peruorigins.com\/wp-content\/uploads\/2020\/06\/Sin-t\u00edtulo-1-1024x577.jpg 1024w, https:\/\/peruorigins.com\/wp-content\/uploads\/2020\/06\/Sin-t\u00edtulo-1-768x433.jpg 768w, https:\/\/peruorigins.com\/wp-content\/uploads\/2020\/06\/Sin-t\u00edtulo-1-600x338.jpg 600w\" sizes=\"auto, (max-width: 1264px) 100vw, 1264px\"><\/p>\n<h3>Nos esforzamos para brindarte lo mejor.<\/h3>\n<h2>\n                Nuestro Proceso<\/h2>\n<h3>01 &#8211; RECEPTION<\/h3>\n<p>Nosotros trabajamos de la mano con los agricultores y recolectamos materia prima producidos en diferentes zonas del Per\u00fa. Elegimos cuidadosamente cada cultivo y proveedor quienes cuentan con certificaciones que garantizan sus procesos de producci\u00f3n org\u00e1nicos, creamos relaciones comerciales duraderas y sostenibles con todos nuestros proveedores.<\/p>\n<p><img decoding=\"async\" src=\"http:\/\/peruorigins.com\/wp-content\/uploads\/2020\/06\/WhatsApp-Image-2020-06-04-at-21.35.55.jpeg\" alt=\"01 - RECEPTION\"><\/p>\n<h3>02 &#8211; PROCESS OR TRANSFORMATION<\/h3>\n<p class=\"translation-block\">Procesamos las materias primas en nuestras instalaciones estrat\u00e9gicas con certificaciones de seguridad alimentaria y desarrollamos nuevos productos de acuerdo a las especificaciones del cliente y las necesidades del mercado, todos nuestros procesos de producci\u00f3n son planificados y supervisados por nuestros expertos para poder garantizar y mantener la inocuidad de todos nuestros productos.<\/p>\n<p><img decoding=\"async\" src=\"http:\/\/peruorigins.com\/wp-content\/uploads\/2020\/06\/WhatsApp-Image-2020-06-04-at-21.35.56-1-768x366.jpeg\" alt=\"02 - PROCESS OR TRANSFORMATION\"><\/p>\n<h3>03 &#8211; PACKING<\/h3>\n<p>Nuestros productos son empaquetados de manera especial y en distintas presentaciones de acuerdo a cada producto y mercado. Por ejemplo, para cuidar y evitar contaminaciones utilizamos en nuestro cacao nibs org\u00e1nico el sellado al vac\u00edo, dentro de cajas y en otros productos nos adecuamos dependiendo el tiempo de tr\u00e1nsito y almacenamiento de nuestros clientes.<\/p>\n<p><img decoding=\"async\" src=\"http:\/\/peruorigins.com\/wp-content\/uploads\/2020\/06\/WhatsApp-Image-2020-06-06-at-15.52.22-768x449.jpeg\" alt=\"03 - PACKING\"><\/p>\n<h3>04 &#8211; DELIVERY<\/h3>\n<p>Realizamos nuestros env\u00edos v\u00eda \u00e1rea o mar\u00edtima a cualquier parte de mundo.<\/p>\n<p><img decoding=\"async\" src=\"http:\/\/peruorigins.com\/wp-content\/uploads\/2020\/06\/WhatsApp-Image-2020-06-05-at-12.07.12.jpeg\" alt=\"04 - DELIVERY\"><br \/>\n<a href=\"https:\/\/peruorigins.com\/es\/contactanos\/\">FASTSHIPPINGContact us<\/a><a href=\"https:\/\/peruorigins.com\/es\/contactanos\/\">YOU WILL GETYOUR PRODUCT WHEREVER YOU AREContact us<\/a><a href=\"https:\/\/peruorigins.com\/es\/contactanos\/\">100% SAFESHOPPING GUARANTEEContact us<\/a><br \/>\nPrevious<br \/>\nNext<\/p>","protected":false},"excerpt":{"rendered":"<p>PASSION FOR OUR LEGACYAbout usWE ONLY OFFER HIGH QUALITY PRODUCTSOur productsTHE BEST SELECTION FOR YOUOur process Previous Next About us We are a Peruvian company dedicated to the processing, selling and exporting of high quality organic and conventional products that comes from the Peruvian biodiversity. We have a commitment to our land and our origins, [&hellip;]<\/p>","protected":false},"author":1,"featured_media":0,"parent":0,"menu_order":0,"comment_status":"closed","ping_status":"closed","template":"","meta":{"_joinchat":[],"footnotes":""},"class_list":["post-36","page","type-page","status-publish","hentry","entry"],"_links":{"self":[{"href":"https:\/\/peruorigins.com\/es\/wp-json\/wp\/v2\/pages\/36","targetHints":{"allow":["GET"]}}],"collection":[{"href":"https:\/\/peruorigins.com\/es\/wp-json\/wp\/v2\/pages"}],"about":[{"href":"https:\/\/peruorigins.com\/es\/wp-json\/wp\/v2\/types\/page"}],"author":[{"embeddable":true,"href":"https:\/\/peruorigins.com\/es\/wp-json\/wp\/v2\/users\/1"}],"replies":[{"embeddable":true,"href":"https:\/\/peruorigins.com\/es\/wp-json\/wp\/v2\/comments?post=36"}],"version-history":[{"count":186,"href":"https:\/\/peruorigins.com\/es\/wp-json\/wp\/v2\/pages\/36\/revisions"}],"predecessor-version":[{"id":1368,"href":"https:\/\/peruorigins.com\/es\/wp-json\/wp\/v2\/pages\/36\/revisions\/1368"}],"wp:attachment":[{"href":"https:\/\/peruorigins.com\/es\/wp-json\/wp\/v2\/media?parent=36"}],"curies":[{"name":"wp","href":"https:\/\/api.w.org\/{rel}","templated":true}]}}