{"id":494,"date":"2020-05-28T23:55:22","date_gmt":"2020-05-28T23:55:22","guid":{"rendered":"http:\/\/peruorigins.com\/?page_id=494"},"modified":"2020-07-14T13:27:59","modified_gmt":"2020-07-14T13:27:59","slug":"lucuma","status":"publish","type":"page","link":"https:\/\/peruorigins.com\/es\/lucuma\/","title":{"rendered":"L\u00facuma"},"content":{"rendered":"<p>Previous<br \/>\n\t\t\t\t\t\t\tNext<\/p>\n<h3>\n\t\t\t\t\t<\/h3>\n<h1>Pouteria Lucuma<\/h1>\n<p>La l\u00facuma, (Pouteria lucuma)es una especie vegetal ind\u00edgena Del Per\u00fa. Crece en valles interandinos como Ayacucho, Huanta, Cuzco, Valle de Urubamba, Cajamarca, Jun\u00edn y se extiende hasta Ecuador y Chile.<\/p>\n<p>Seg\u00fan historiadores, el uso de la L\u00facuma desciende de \u00e9pocas anteriores al Imperio INCA, se evidencia en im\u00e1genes moldeadas en vasijas de la cultura Mochica, la misma que se desarroll\u00f3 en la Costa Norte del Per\u00fa.<\/p>\n<p>Esto Confirma un beneficio ancestral como parte de la dieta alimenticia en esas y otras poblaciones que se asentaron en localidades de la costa y sierra del Per\u00fa.<\/p>\n<p>La l\u00facuma es rica en fibra, hierro y caroteno; un alimento altamente energ\u00e9tico que se consume fresca e incluso es utilizada para un sin fin de presentaciones.<\/p>\n<p>\t\t\t\t\t\t\t\t\t\t<img loading=\"lazy\" decoding=\"async\" width=\"1984\" height=\"142\" src=\"http:\/\/peruorigins.com\/wp-content\/uploads\/2020\/05\/linea-cultivo2.jpg\" alt=\"\" srcset=\"https:\/\/peruorigins.com\/wp-content\/uploads\/2020\/05\/linea-cultivo2.jpg 1984w, https:\/\/peruorigins.com\/wp-content\/uploads\/2020\/05\/linea-cultivo2-300x21.jpg 300w, https:\/\/peruorigins.com\/wp-content\/uploads\/2020\/05\/linea-cultivo2-1024x73.jpg 1024w, https:\/\/peruorigins.com\/wp-content\/uploads\/2020\/05\/linea-cultivo2-768x55.jpg 768w, https:\/\/peruorigins.com\/wp-content\/uploads\/2020\/05\/linea-cultivo2-1536x110.jpg 1536w, https:\/\/peruorigins.com\/wp-content\/uploads\/2020\/05\/linea-cultivo2-600x43.jpg 600w\" sizes=\"auto, (max-width: 1984px) 100vw, 1984px\" \/>\t\t\t\t\t\t\t\t\t\t\t<\/p>\n<h1><u>Propiedades<\/u><\/h1>\n<p>La L\u00facuma tiene un elevado valor nutricional, es buena fuente de carbohidratos, rica en minerales y vitaminas.<\/p>\n<p>Contiene la Vitamina A en forma de betacarotenos, tambi\u00e9n las vitamina B1, conocida como tiamina; vitamina B2, conocida como riboflavina y por \u00faltimo la vitamina B3 o niacina, vitamina C y adem\u00e1s contiene hierro, fosforo y calcio.<\/p>\n<p>Buena fuente de antioxidantes y oligoelementos esenciales para apoyar un sistema inmune saludable.<\/p>\n<h1><u>Beneficios<\/u><\/h1>\n<ul>\n<li>Es un edulcorante saludable y natural.<\/li>\n<li>Reduce el colesterol y los triglic\u00e9ridos.<\/li>\n<li>Recomendado para personas con depresi\u00f3n.<\/li>\n<li>Prevenir y controlar la diabetes.<\/li>\n<li>Reduce la anemia, es rica en hierro.<\/li>\n<li>Controlar las hipoglucemias reactivas.<\/li>\n<\/ul>\n<p>\t\t\t\t\t\t\t\t\t\t<img loading=\"lazy\" decoding=\"async\" width=\"1984\" height=\"142\" src=\"http:\/\/peruorigins.com\/wp-content\/uploads\/2020\/05\/linea-cultivo2.jpg\" alt=\"\" srcset=\"https:\/\/peruorigins.com\/wp-content\/uploads\/2020\/05\/linea-cultivo2.jpg 1984w, https:\/\/peruorigins.com\/wp-content\/uploads\/2020\/05\/linea-cultivo2-300x21.jpg 300w, https:\/\/peruorigins.com\/wp-content\/uploads\/2020\/05\/linea-cultivo2-1024x73.jpg 1024w, https:\/\/peruorigins.com\/wp-content\/uploads\/2020\/05\/linea-cultivo2-768x55.jpg 768w, https:\/\/peruorigins.com\/wp-content\/uploads\/2020\/05\/linea-cultivo2-1536x110.jpg 1536w, https:\/\/peruorigins.com\/wp-content\/uploads\/2020\/05\/linea-cultivo2-600x43.jpg 600w\" sizes=\"auto, (max-width: 1984px) 100vw, 1984px\" \/>\t\t\t\t\t\t\t\t\t\t\t<\/p>\n<h1><b><u>Usos<\/u><\/b><\/h1>\n<p>Se obtiene la harina de l\u00facuma gracias a la pulpa, se utiliza como endulzante para los batidos tambi\u00e9n es ideal para los helados, galletas, chocolates. Brindar\u00e1 un sabor natural y nutritivo.<\/p>\n<h1><u>Presentaciones<\/u><\/h1>\n<p>\t\t\t\t\t\t\t\t\t\t<img loading=\"lazy\" decoding=\"async\" width=\"99\" height=\"99\" src=\"http:\/\/peruorigins.com\/wp-content\/uploads\/2020\/06\/powder.jpeg\" alt=\"\" \/>\t\t\t\t\t\t\t\t\t\t\t<\/p>\n<h1><u>Ubicaci\u00f3n<\/u><\/h1>\n<p>\t\t\t\t\t\t\t\t\t\t<img loading=\"lazy\" decoding=\"async\" width=\"805\" height=\"885\" src=\"http:\/\/peruorigins.com\/wp-content\/uploads\/2020\/06\/Lucuma-map.jpg\" alt=\"\" srcset=\"https:\/\/peruorigins.com\/wp-content\/uploads\/2020\/06\/Lucuma-map.jpg 805w, https:\/\/peruorigins.com\/wp-content\/uploads\/2020\/06\/Lucuma-map-273x300.jpg 273w, https:\/\/peruorigins.com\/wp-content\/uploads\/2020\/06\/Lucuma-map-768x844.jpg 768w, https:\/\/peruorigins.com\/wp-content\/uploads\/2020\/06\/Lucuma-map-600x660.jpg 600w\" sizes=\"auto, (max-width: 805px) 100vw, 805px\" \/><br \/>\n\t\t\t\t\t\t\t\t\t\t<img loading=\"lazy\" decoding=\"async\" width=\"771\" height=\"124\" src=\"http:\/\/peruorigins.com\/wp-content\/uploads\/2020\/06\/Lucuma-cuadro.png\" alt=\"\" srcset=\"https:\/\/peruorigins.com\/wp-content\/uploads\/2020\/06\/Lucuma-cuadro.png 771w, https:\/\/peruorigins.com\/wp-content\/uploads\/2020\/06\/Lucuma-cuadro-300x48.png 300w, https:\/\/peruorigins.com\/wp-content\/uploads\/2020\/06\/Lucuma-cuadro-768x124.png 768w, https:\/\/peruorigins.com\/wp-content\/uploads\/2020\/06\/Lucuma-cuadro-600x96.png 600w\" sizes=\"auto, (max-width: 771px) 100vw, 771px\" \/><\/p>","protected":false},"excerpt":{"rendered":"<p>Previous Next Pouteria Lucuma Lucuma, (Pouteria lucuma) is a plant specie indigenous to Peru. It grows in inter-Andean valleys such as Ayacucho, Huanta, Cuzco, Valle de Urubamba, Cajamarca, Jun\u00edn and extends to Ecuador and Chile. According to historians, the use of lucuma comes from times before the INCA Empire and the evidence is on the [&hellip;]<\/p>","protected":false},"author":1,"featured_media":0,"parent":0,"menu_order":0,"comment_status":"closed","ping_status":"closed","template":"","meta":{"_joinchat":[],"footnotes":""},"class_list":["post-494","page","type-page","status-publish","hentry","entry"],"_links":{"self":[{"href":"https:\/\/peruorigins.com\/es\/wp-json\/wp\/v2\/pages\/494","targetHints":{"allow":["GET"]}}],"collection":[{"href":"https:\/\/peruorigins.com\/es\/wp-json\/wp\/v2\/pages"}],"about":[{"href":"https:\/\/peruorigins.com\/es\/wp-json\/wp\/v2\/types\/page"}],"author":[{"embeddable":true,"href":"https:\/\/peruorigins.com\/es\/wp-json\/wp\/v2\/users\/1"}],"replies":[{"embeddable":true,"href":"https:\/\/peruorigins.com\/es\/wp-json\/wp\/v2\/comments?post=494"}],"version-history":[{"count":16,"href":"https:\/\/peruorigins.com\/es\/wp-json\/wp\/v2\/pages\/494\/revisions"}],"predecessor-version":[{"id":1366,"href":"https:\/\/peruorigins.com\/es\/wp-json\/wp\/v2\/pages\/494\/revisions\/1366"}],"wp:attachment":[{"href":"https:\/\/peruorigins.com\/es\/wp-json\/wp\/v2\/media?parent=494"}],"curies":[{"name":"wp","href":"https:\/\/api.w.org\/{rel}","templated":true}]}}