{"id":504,"date":"2020-05-29T22:05:46","date_gmt":"2020-05-29T22:05:46","guid":{"rendered":"http:\/\/peruorigins.com\/?page_id=504"},"modified":"2020-07-05T20:08:28","modified_gmt":"2020-07-05T20:08:28","slug":"kion","status":"publish","type":"page","link":"https:\/\/peruorigins.com\/es\/kion\/","title":{"rendered":"Kion"},"content":{"rendered":"<p>Previous<br \/>\n\t\t\t\t\t\t\tNext<\/p>\n<h3>\n\t\t\t\t\t<\/h3>\n<h1>Zingiber Officinale<\/h1>\n<p>El kion (Zingiber Officinale) conocida tambi\u00e9n como Jengibre, es nativa del suroriente asi\u00e1tico, India y China, donde ha sido un componente integral de la dieta y valorado por sus propiedades arom\u00e1ticas, culinarias y medicinales durante miles de a\u00f1os.<\/p>\n<p>Crece en la selva central del Per\u00fa como; Satipo, Chanchamayo y aunque el pa\u00eds asi\u00e1tico sigue dominando el mercado mundial, Per\u00fa ha estado al alza en los \u00faltimos a\u00f1os.<\/p>\n<p>\t\t\t\t\t\t\t\t\t\t<img loading=\"lazy\" decoding=\"async\" width=\"1984\" height=\"142\" src=\"http:\/\/peruorigins.com\/wp-content\/uploads\/2020\/05\/linea-cultivo2.jpg\" alt=\"\" srcset=\"https:\/\/peruorigins.com\/wp-content\/uploads\/2020\/05\/linea-cultivo2.jpg 1984w, https:\/\/peruorigins.com\/wp-content\/uploads\/2020\/05\/linea-cultivo2-300x21.jpg 300w, https:\/\/peruorigins.com\/wp-content\/uploads\/2020\/05\/linea-cultivo2-1024x73.jpg 1024w, https:\/\/peruorigins.com\/wp-content\/uploads\/2020\/05\/linea-cultivo2-768x55.jpg 768w, https:\/\/peruorigins.com\/wp-content\/uploads\/2020\/05\/linea-cultivo2-1536x110.jpg 1536w, https:\/\/peruorigins.com\/wp-content\/uploads\/2020\/05\/linea-cultivo2-600x43.jpg 600w\" sizes=\"auto, (max-width: 1984px) 100vw, 1984px\" \/>\t\t\t\t\t\t\t\t\t\t\t<\/p>\n<h1><u>Propiedades<\/u><\/h1>\n<p>El jengibre posee grandes fuentes minerales como el selenio, el potasio, hierro, magnesio y zinc, cuenta con la vitamina E, complejo B y \u00e1cido f\u00f3lico. Es un potente antioxidante y es un alimento importante para nuestra nutrici\u00f3n.<\/p>\n<h1><u>Beneficios<\/u><\/h1>\n<p>El jengibre es considerado como un antinflamatorio natural y especialmente para problemas respiratorios, as\u00ed mismo es usado para un sinf\u00edn de beneficios para la salud.<\/p>\n<ul>\n<li>Para el mareo y las n\u00e1useas.<\/li>\n<li>Para el mal aliento.<\/li>\n<li>Para la digesti\u00f3n.<\/li>\n<li>Calor\u00edfico.<\/li>\n<li>T\u00f3nico circulatorio.<\/li>\n<li>Antioxidante.<\/li>\n<li>Antiinflamatorio.<\/li>\n<li>Anticancer\u00edgeno.<\/li>\n<li>Actividad muscular.<\/li>\n<\/ul>\n<p>\t\t\t\t\t\t\t\t\t\t<img loading=\"lazy\" decoding=\"async\" width=\"1984\" height=\"142\" src=\"http:\/\/peruorigins.com\/wp-content\/uploads\/2020\/05\/linea-cultivo2.jpg\" alt=\"\" srcset=\"https:\/\/peruorigins.com\/wp-content\/uploads\/2020\/05\/linea-cultivo2.jpg 1984w, https:\/\/peruorigins.com\/wp-content\/uploads\/2020\/05\/linea-cultivo2-300x21.jpg 300w, https:\/\/peruorigins.com\/wp-content\/uploads\/2020\/05\/linea-cultivo2-1024x73.jpg 1024w, https:\/\/peruorigins.com\/wp-content\/uploads\/2020\/05\/linea-cultivo2-768x55.jpg 768w, https:\/\/peruorigins.com\/wp-content\/uploads\/2020\/05\/linea-cultivo2-1536x110.jpg 1536w, https:\/\/peruorigins.com\/wp-content\/uploads\/2020\/05\/linea-cultivo2-600x43.jpg 600w\" sizes=\"auto, (max-width: 1984px) 100vw, 1984px\" \/>\t\t\t\t\t\t\t\t\t\t\t<\/p>\n<h1><b><u>Usos<\/u><\/b><\/h1>\n<p>El jengibre, utilizado en peque\u00f1as proporciones, puede adicionarse para dar sabor y aroma a diferentes preparaciones: como infusiones, platos dulces o salados, pasteles, ensalada, aderezos, entre otros y poder disfrutar de sus beneficios.<\/p>\n<h1><u>Presentaciones<\/u><\/h1>\n<p>\t\t\t\t\t\t\t\t\t\t<img loading=\"lazy\" decoding=\"async\" width=\"99\" height=\"99\" src=\"http:\/\/peruorigins.com\/wp-content\/uploads\/2020\/06\/powder.jpeg\" alt=\"\" \/>\t\t\t\t\t\t\t\t\t\t\t<\/p>\n<h1><u>Ubicaci\u00f3n<\/u><\/h1>\n<p>\t\t\t\t\t\t\t\t\t\t<img loading=\"lazy\" decoding=\"async\" width=\"805\" height=\"885\" src=\"http:\/\/peruorigins.com\/wp-content\/uploads\/2020\/06\/kion-map.jpg\" alt=\"\" srcset=\"https:\/\/peruorigins.com\/wp-content\/uploads\/2020\/06\/kion-map.jpg 805w, https:\/\/peruorigins.com\/wp-content\/uploads\/2020\/06\/kion-map-273x300.jpg 273w, https:\/\/peruorigins.com\/wp-content\/uploads\/2020\/06\/kion-map-768x844.jpg 768w, https:\/\/peruorigins.com\/wp-content\/uploads\/2020\/06\/kion-map-600x660.jpg 600w\" sizes=\"auto, (max-width: 805px) 100vw, 805px\" \/><br \/>\n\t\t\t\t\t\t\t\t\t\t<img loading=\"lazy\" decoding=\"async\" width=\"769\" height=\"122\" src=\"http:\/\/peruorigins.com\/wp-content\/uploads\/2020\/06\/kion-cuadro.png\" alt=\"\" srcset=\"https:\/\/peruorigins.com\/wp-content\/uploads\/2020\/06\/kion-cuadro.png 769w, https:\/\/peruorigins.com\/wp-content\/uploads\/2020\/06\/kion-cuadro-300x48.png 300w, https:\/\/peruorigins.com\/wp-content\/uploads\/2020\/06\/kion-cuadro-600x95.png 600w\" sizes=\"auto, (max-width: 769px) 100vw, 769px\" \/><\/p>","protected":false},"excerpt":{"rendered":"<p>Previous Next Zingiber Officinale Ginger (Zingiber Officinale) is native to Southeast Asia, India and China. It has been an important component of people diet in these countries and valued for its aromatic, culinary and medicinal properties for thousands of years. It grows in the central jungle of Peru such as; Satipo, Chanchamayo and although the [&hellip;]<\/p>","protected":false},"author":1,"featured_media":0,"parent":0,"menu_order":0,"comment_status":"closed","ping_status":"closed","template":"","meta":{"_joinchat":[],"footnotes":""},"class_list":["post-504","page","type-page","status-publish","hentry","entry"],"_links":{"self":[{"href":"https:\/\/peruorigins.com\/es\/wp-json\/wp\/v2\/pages\/504","targetHints":{"allow":["GET"]}}],"collection":[{"href":"https:\/\/peruorigins.com\/es\/wp-json\/wp\/v2\/pages"}],"about":[{"href":"https:\/\/peruorigins.com\/es\/wp-json\/wp\/v2\/types\/page"}],"author":[{"embeddable":true,"href":"https:\/\/peruorigins.com\/es\/wp-json\/wp\/v2\/users\/1"}],"replies":[{"embeddable":true,"href":"https:\/\/peruorigins.com\/es\/wp-json\/wp\/v2\/comments?post=504"}],"version-history":[{"count":11,"href":"https:\/\/peruorigins.com\/es\/wp-json\/wp\/v2\/pages\/504\/revisions"}],"predecessor-version":[{"id":1286,"href":"https:\/\/peruorigins.com\/es\/wp-json\/wp\/v2\/pages\/504\/revisions\/1286"}],"wp:attachment":[{"href":"https:\/\/peruorigins.com\/es\/wp-json\/wp\/v2\/media?parent=504"}],"curies":[{"name":"wp","href":"https:\/\/api.w.org\/{rel}","templated":true}]}}