{"id":511,"date":"2020-05-29T22:22:37","date_gmt":"2020-05-29T22:22:37","guid":{"rendered":"http:\/\/peruorigins.com\/?page_id=511"},"modified":"2020-07-05T20:14:13","modified_gmt":"2020-07-05T20:14:13","slug":"camu-camu","status":"publish","type":"page","link":"https:\/\/peruorigins.com\/es\/camu-camu\/","title":{"rendered":"Camu Camu"},"content":{"rendered":"<p>Previous<br \/>\n\t\t\t\t\t\t\tNext<\/p>\n<h3>\n\t\t\t\t\t<\/h3>\n<h1>Myrciaria Dubia<\/h1>\n<p>El camu camu (Myrciaria Dubia) es un alimento saludable y fruto nativo de la amazonia. Es una planta arbustiva riparia de los r\u00edos de aguas negras de la Amazon\u00eda Peruana, aunque tambi\u00e9n se encuentra en zonas con aguas claras, se han identificado poblaciones naturales de camu camu arbustivo en los r\u00edos Nanay, Itaya, Napo, Putumayo, Yavar\u00ed, Mara\u00f1\u00f3n y Ucayali.<\/p>\n<p>El camu camu es consumido por los nativos y es cosechado en canoas a trav\u00e9s de los r\u00edos. En la actualidad se cultiva a gran escala y es muy comercializado, su contenido es extremadamente alto en \u00e1cido asc\u00f3rbico, mucho m\u00e1s alto que los que se encuentran en la pulpa de frutos c\u00edtricos, conocidos como fuentes ricas en vitamina C, tiene buen sabor y es antioxidante por excelencia.<\/p>\n<p>\t\t\t\t\t\t\t\t\t\t<img loading=\"lazy\" decoding=\"async\" width=\"1984\" height=\"142\" src=\"http:\/\/peruorigins.com\/wp-content\/uploads\/2020\/05\/linea-cultivo2.jpg\" alt=\"\" srcset=\"https:\/\/peruorigins.com\/wp-content\/uploads\/2020\/05\/linea-cultivo2.jpg 1984w, https:\/\/peruorigins.com\/wp-content\/uploads\/2020\/05\/linea-cultivo2-300x21.jpg 300w, https:\/\/peruorigins.com\/wp-content\/uploads\/2020\/05\/linea-cultivo2-1024x73.jpg 1024w, https:\/\/peruorigins.com\/wp-content\/uploads\/2020\/05\/linea-cultivo2-768x55.jpg 768w, https:\/\/peruorigins.com\/wp-content\/uploads\/2020\/05\/linea-cultivo2-1536x110.jpg 1536w, https:\/\/peruorigins.com\/wp-content\/uploads\/2020\/05\/linea-cultivo2-600x43.jpg 600w\" sizes=\"auto, (max-width: 1984px) 100vw, 1984px\" \/>\t\t\t\t\t\t\t\t\t\t\t<\/p>\n<h1><u>Propiedades<\/u><\/h1>\n<p>Con una super-alta concentraci\u00f3n de vitamina C, fitoqu\u00edmicos y amino\u00e1cidos esta fruta amaz\u00f3nica posee una sorprendente cantidad de beneficios para tu salud.<\/p>\n<p>Esta fruta rica en antioxidantes es tambi\u00e9n una fuente abundante de potasio, calcio, prote\u00ednas, beta caroteno, amino\u00e1cidos y fitoqu\u00edmicos poderosos. Tiene propiedades astringentes (acci\u00f3n cicatrizante), antioxidantes (protege las c\u00e9lulas contra los radicales libres), anti-virales (resfriados y gripe) y antiinflamatorias (alivia la artritis y otras enfermedades inflamatorias), el Camu Camu ofrece una gran cantidad de beneficios para tu salud previniendo enfermedades.<\/p>\n<h1><u>Beneficios<\/u><\/h1>\n<ul>\n<li>Fortalece y mantiene el sistema inmunol\u00f3gico.<\/li>\n<li>Promueve la energ\u00eda y la vitalidad de las personas con disfunci\u00f3n cr\u00f3nica inmunol\u00f3gica.<\/li>\n<li>Previene el c\u00e1ncer y enfermedades del coraz\u00f3n.<\/li>\n<li>Revitaliza el sistema nervioso.<\/li>\n<li>Desintoxica el cuerpo.<\/li>\n<li>Previene el estr\u00e9s.<\/li>\n<li>Promueve una buena salud del coraz\u00f3n y el sistema circulatorio.<\/li>\n<li>Promueve la absorci\u00f3n de nutrientes (incluido el hierro) en el sistema digestivo.<\/li>\n<li>Fundamental para la producci\u00f3n de esperma.<\/li>\n<li>Ayuda a combatir la diabetes.<\/li>\n<li>Acelerara la cicatrizaci\u00f3n de tus heridas.<\/li>\n<\/ul>\n<p>\t\t\t\t\t\t\t\t\t\t<img loading=\"lazy\" decoding=\"async\" width=\"1984\" height=\"142\" src=\"http:\/\/peruorigins.com\/wp-content\/uploads\/2020\/05\/linea-cultivo2.jpg\" alt=\"\" srcset=\"https:\/\/peruorigins.com\/wp-content\/uploads\/2020\/05\/linea-cultivo2.jpg 1984w, https:\/\/peruorigins.com\/wp-content\/uploads\/2020\/05\/linea-cultivo2-300x21.jpg 300w, https:\/\/peruorigins.com\/wp-content\/uploads\/2020\/05\/linea-cultivo2-1024x73.jpg 1024w, https:\/\/peruorigins.com\/wp-content\/uploads\/2020\/05\/linea-cultivo2-768x55.jpg 768w, https:\/\/peruorigins.com\/wp-content\/uploads\/2020\/05\/linea-cultivo2-1536x110.jpg 1536w, https:\/\/peruorigins.com\/wp-content\/uploads\/2020\/05\/linea-cultivo2-600x43.jpg 600w\" sizes=\"auto, (max-width: 1984px) 100vw, 1984px\" \/>\t\t\t\t\t\t\t\t\t\t\t<\/p>\n<h1><b><u>Usos<\/u><\/b><\/h1>\n<p>La fruta del camu camu tiende a tener un sabor amargo, por lo que se consume como suplemento en c\u00e1psulas o directamente en polvo.<\/p>\n<p>El polvo de camu-camu lo podemos a\u00f1adir a batidos, zumos verdes, zumos de frutas, yogures, porridge, macedonias, helados, mermelada... o simplemente tomarlo en un vaso de agua, muchas personas disfrutan de la fruta en granizados, dulces y bebidas.<\/p>\n<h1><u>Presentaciones<\/u><\/h1>\n<p>\t\t\t\t\t\t\t\t\t\t<img loading=\"lazy\" decoding=\"async\" width=\"99\" height=\"99\" src=\"http:\/\/peruorigins.com\/wp-content\/uploads\/2020\/06\/powder.jpeg\" alt=\"\" \/>\t\t\t\t\t\t\t\t\t\t\t<\/p>\n<h1><u>Ubicaci\u00f3n<\/u><\/h1>\n<p>\t\t\t\t\t\t\t\t\t\t<img loading=\"lazy\" decoding=\"async\" width=\"805\" height=\"885\" src=\"http:\/\/peruorigins.com\/wp-content\/uploads\/2020\/06\/mapa_camu_camu.jpg\" alt=\"\" srcset=\"https:\/\/peruorigins.com\/wp-content\/uploads\/2020\/06\/mapa_camu_camu.jpg 805w, https:\/\/peruorigins.com\/wp-content\/uploads\/2020\/06\/mapa_camu_camu-273x300.jpg 273w, https:\/\/peruorigins.com\/wp-content\/uploads\/2020\/06\/mapa_camu_camu-768x844.jpg 768w, https:\/\/peruorigins.com\/wp-content\/uploads\/2020\/06\/mapa_camu_camu-600x660.jpg 600w\" sizes=\"auto, (max-width: 805px) 100vw, 805px\" \/><br \/>\n\t\t\t\t\t\t\t\t\t\t<img loading=\"lazy\" decoding=\"async\" width=\"771\" height=\"121\" src=\"http:\/\/peruorigins.com\/wp-content\/uploads\/2020\/06\/estacionalidad_camu_camu.png\" alt=\"\" srcset=\"https:\/\/peruorigins.com\/wp-content\/uploads\/2020\/06\/estacionalidad_camu_camu.png 771w, https:\/\/peruorigins.com\/wp-content\/uploads\/2020\/06\/estacionalidad_camu_camu-300x47.png 300w, https:\/\/peruorigins.com\/wp-content\/uploads\/2020\/06\/estacionalidad_camu_camu-768x121.png 768w, https:\/\/peruorigins.com\/wp-content\/uploads\/2020\/06\/estacionalidad_camu_camu-600x94.png 600w\" sizes=\"auto, (max-width: 771px) 100vw, 771px\" \/><\/p>","protected":false},"excerpt":{"rendered":"<p>Previous Next Myrciaria Dubia Camu camu (Myrciaria Dubia) is a healthy food and fruit native to the Amazon. It is a riparian shrub plant of the black water rivers of the Peruvian Amazon, although it is also found in areas with clear waters, natural populations of shrub camu camu have been identified in the Nanay, [&hellip;]<\/p>","protected":false},"author":1,"featured_media":0,"parent":0,"menu_order":0,"comment_status":"closed","ping_status":"closed","template":"","meta":{"_joinchat":[],"footnotes":""},"class_list":["post-511","page","type-page","status-publish","hentry","entry"],"_links":{"self":[{"href":"https:\/\/peruorigins.com\/es\/wp-json\/wp\/v2\/pages\/511","targetHints":{"allow":["GET"]}}],"collection":[{"href":"https:\/\/peruorigins.com\/es\/wp-json\/wp\/v2\/pages"}],"about":[{"href":"https:\/\/peruorigins.com\/es\/wp-json\/wp\/v2\/types\/page"}],"author":[{"embeddable":true,"href":"https:\/\/peruorigins.com\/es\/wp-json\/wp\/v2\/users\/1"}],"replies":[{"embeddable":true,"href":"https:\/\/peruorigins.com\/es\/wp-json\/wp\/v2\/comments?post=511"}],"version-history":[{"count":13,"href":"https:\/\/peruorigins.com\/es\/wp-json\/wp\/v2\/pages\/511\/revisions"}],"predecessor-version":[{"id":1289,"href":"https:\/\/peruorigins.com\/es\/wp-json\/wp\/v2\/pages\/511\/revisions\/1289"}],"wp:attachment":[{"href":"https:\/\/peruorigins.com\/es\/wp-json\/wp\/v2\/media?parent=511"}],"curies":[{"name":"wp","href":"https:\/\/api.w.org\/{rel}","templated":true}]}}