{"id":518,"date":"2020-05-29T22:39:04","date_gmt":"2020-05-29T22:39:04","guid":{"rendered":"http:\/\/peruorigins.com\/?page_id=518"},"modified":"2020-07-05T20:18:14","modified_gmt":"2020-07-05T20:18:14","slug":"maiz-morado","status":"publish","type":"page","link":"https:\/\/peruorigins.com\/es\/maiz-morado\/","title":{"rendered":"Maiz morado"},"content":{"rendered":"<p>Previous<br \/>\n\t\t\t\t\t\t\tNext<\/p>\n<h3>\n\t\t\t\t\t<\/h3>\n<h1>Zea Mays L.<\/h1>\n<p>El ma\u00edz morado (Zea Mays L.) tambi\u00e9n conocida como mazorca morada, es una variedad de ma\u00edz oriundo del Per\u00fa. Su origen se remonta a la \u00e9poca pre-inca tal y como se observa en representaciones art\u00edsticas en cer\u00e1mica de la cultura Moche (100-700 d. C.).<\/p>\n<p>Se origin\u00f3 en la regi\u00f3n de media altitud del centro del Per\u00fa, luego se extendi\u00f3 a la costa peruana y posteriormente a las regiones andinas de gran altitud. Se caracteriza por su color violeta proporcionado por las antocianinas, un pigmento natural que tambi\u00e9n encontramos en las cerezas, los ar\u00e1ndanos, las ciruelas y tienes propiedades antioxidantes.<\/p>\n<p>\t\t\t\t\t\t\t\t\t\t<img loading=\"lazy\" decoding=\"async\" width=\"1984\" height=\"142\" src=\"http:\/\/peruorigins.com\/wp-content\/uploads\/2020\/05\/linea-cultivo2.jpg\" alt=\"\" srcset=\"https:\/\/peruorigins.com\/wp-content\/uploads\/2020\/05\/linea-cultivo2.jpg 1984w, https:\/\/peruorigins.com\/wp-content\/uploads\/2020\/05\/linea-cultivo2-300x21.jpg 300w, https:\/\/peruorigins.com\/wp-content\/uploads\/2020\/05\/linea-cultivo2-1024x73.jpg 1024w, https:\/\/peruorigins.com\/wp-content\/uploads\/2020\/05\/linea-cultivo2-768x55.jpg 768w, https:\/\/peruorigins.com\/wp-content\/uploads\/2020\/05\/linea-cultivo2-1536x110.jpg 1536w, https:\/\/peruorigins.com\/wp-content\/uploads\/2020\/05\/linea-cultivo2-600x43.jpg 600w\" sizes=\"auto, (max-width: 1984px) 100vw, 1984px\" \/>\t\t\t\t\t\t\t\t\t\t\t<\/p>\n<h1><u>Propiedades<\/u><\/h1>\n<p>El ma\u00edz morado es un superalimento que sobresale por su contenido nutricional, contiene prote\u00ednas, aceite y el mayor por ciento es en almid\u00f3n.<\/p>\n<p>Posee vitaminas y minerales esenciales como lo son el hierro, f\u00f3sforo, niacina y antocianinas siendo esta \u00faltima de sus principales propiedades y de las que m\u00e1s beneficios le aportan a la salud humana y posee fitonutrientes que fortalecen el sistema inmunol\u00f3gico.<\/p>\n<h1><u>Beneficios<\/u><\/h1>\n<ul>\n<li>Ayuda a prevenir el c\u00e1ncer.<\/li>\n<li>Ayuda a la salud cardiovascular.<\/li>\n<li>Es un antiinflamatorio natural.<\/li>\n<li>Fortalece el sistema inmune.<\/li>\n<li>Ayuda a bajar de peso y retrasa el proceso de envejecimiento.<\/li>\n<li>Reduce la presi\u00f3n arterial.<\/li>\n<li>Mejora la agudeza visual.<\/li>\n<li>Ayuda a controlar y reducir los niveles de colesterol en la sangre y a mantener una presi\u00f3n arterial baja.<\/li>\n<li>Es muy favorable para las personas con diabetes y para las personas que padecen de obesidad.<\/li>\n<\/ul>\n<p>\t\t\t\t\t\t\t\t\t\t<img loading=\"lazy\" decoding=\"async\" width=\"1984\" height=\"142\" src=\"http:\/\/peruorigins.com\/wp-content\/uploads\/2020\/05\/linea-cultivo2.jpg\" alt=\"\" srcset=\"https:\/\/peruorigins.com\/wp-content\/uploads\/2020\/05\/linea-cultivo2.jpg 1984w, https:\/\/peruorigins.com\/wp-content\/uploads\/2020\/05\/linea-cultivo2-300x21.jpg 300w, https:\/\/peruorigins.com\/wp-content\/uploads\/2020\/05\/linea-cultivo2-1024x73.jpg 1024w, https:\/\/peruorigins.com\/wp-content\/uploads\/2020\/05\/linea-cultivo2-768x55.jpg 768w, https:\/\/peruorigins.com\/wp-content\/uploads\/2020\/05\/linea-cultivo2-1536x110.jpg 1536w, https:\/\/peruorigins.com\/wp-content\/uploads\/2020\/05\/linea-cultivo2-600x43.jpg 600w\" sizes=\"auto, (max-width: 1984px) 100vw, 1984px\" \/>\t\t\t\t\t\t\t\t\t\t\t<\/p>\n<h1><b><u>Usos<\/u><\/b><\/h1>\n<p>Se utiliza para la preparaci\u00f3n de mazamorra, mermelada, yogurt, postres o la bebida denominada chicha morada, con el ma\u00edz morado se elabora harina que se utiliza para hacer Risotto, Pastas, guisos, tamales y tambi\u00e9n se usa como colorante natural en la industria de alimentos, de cosm\u00e9ticos y bebidas.<\/p>\n<h1><u>Presentaciones<\/u><\/h1>\n<p>\t\t\t\t\t\t\t\t\t\t<img loading=\"lazy\" decoding=\"async\" width=\"99\" height=\"99\" src=\"http:\/\/peruorigins.com\/wp-content\/uploads\/2020\/06\/powder.jpeg\" alt=\"\" \/>\t\t\t\t\t\t\t\t\t\t\t<\/p>\n<h1><u>Ubicaci\u00f3n<\/u><\/h1>\n<p>\t\t\t\t\t\t\t\t\t\t<img loading=\"lazy\" decoding=\"async\" width=\"805\" height=\"885\" src=\"http:\/\/peruorigins.com\/wp-content\/uploads\/2020\/06\/Maiz-morado-map.jpg\" alt=\"\" srcset=\"https:\/\/peruorigins.com\/wp-content\/uploads\/2020\/06\/Maiz-morado-map.jpg 805w, https:\/\/peruorigins.com\/wp-content\/uploads\/2020\/06\/Maiz-morado-map-273x300.jpg 273w, https:\/\/peruorigins.com\/wp-content\/uploads\/2020\/06\/Maiz-morado-map-768x844.jpg 768w, https:\/\/peruorigins.com\/wp-content\/uploads\/2020\/06\/Maiz-morado-map-600x660.jpg 600w\" sizes=\"auto, (max-width: 805px) 100vw, 805px\" \/><br \/>\n\t\t\t\t\t\t\t\t\t\t<img loading=\"lazy\" decoding=\"async\" width=\"771\" height=\"119\" src=\"http:\/\/peruorigins.com\/wp-content\/uploads\/2020\/06\/Maiz-Morado-cuadro.png\" alt=\"\" srcset=\"https:\/\/peruorigins.com\/wp-content\/uploads\/2020\/06\/Maiz-Morado-cuadro.png 771w, https:\/\/peruorigins.com\/wp-content\/uploads\/2020\/06\/Maiz-Morado-cuadro-300x46.png 300w, https:\/\/peruorigins.com\/wp-content\/uploads\/2020\/06\/Maiz-Morado-cuadro-768x119.png 768w, https:\/\/peruorigins.com\/wp-content\/uploads\/2020\/06\/Maiz-Morado-cuadro-600x93.png 600w\" sizes=\"auto, (max-width: 771px) 100vw, 771px\" \/><\/p>","protected":false},"excerpt":{"rendered":"<p>Previous Next Zea Mays L. Purple corn (Zea Mays L.) also known as purple cob, is a variety of corn native to Peru. Its origin dates back to pre-Inca times as seen in artistic ceramic representations of the Moche culture (AD 100-700). It originated in the mid-altitude region of central Peru, then spread to the [&hellip;]<\/p>","protected":false},"author":1,"featured_media":0,"parent":0,"menu_order":0,"comment_status":"closed","ping_status":"closed","template":"","meta":{"_joinchat":[],"footnotes":""},"class_list":["post-518","page","type-page","status-publish","hentry","entry"],"_links":{"self":[{"href":"https:\/\/peruorigins.com\/es\/wp-json\/wp\/v2\/pages\/518","targetHints":{"allow":["GET"]}}],"collection":[{"href":"https:\/\/peruorigins.com\/es\/wp-json\/wp\/v2\/pages"}],"about":[{"href":"https:\/\/peruorigins.com\/es\/wp-json\/wp\/v2\/types\/page"}],"author":[{"embeddable":true,"href":"https:\/\/peruorigins.com\/es\/wp-json\/wp\/v2\/users\/1"}],"replies":[{"embeddable":true,"href":"https:\/\/peruorigins.com\/es\/wp-json\/wp\/v2\/comments?post=518"}],"version-history":[{"count":13,"href":"https:\/\/peruorigins.com\/es\/wp-json\/wp\/v2\/pages\/518\/revisions"}],"predecessor-version":[{"id":1291,"href":"https:\/\/peruorigins.com\/es\/wp-json\/wp\/v2\/pages\/518\/revisions\/1291"}],"wp:attachment":[{"href":"https:\/\/peruorigins.com\/es\/wp-json\/wp\/v2\/media?parent=518"}],"curies":[{"name":"wp","href":"https:\/\/api.w.org\/{rel}","templated":true}]}}