{"id":528,"date":"2020-05-29T23:18:08","date_gmt":"2020-05-29T23:18:08","guid":{"rendered":"http:\/\/peruorigins.com\/?page_id=528"},"modified":"2020-07-05T20:22:27","modified_gmt":"2020-07-05T20:22:27","slug":"curcuma","status":"publish","type":"page","link":"https:\/\/peruorigins.com\/es\/curcuma\/","title":{"rendered":"C\u00farcuma"},"content":{"rendered":"<p>Previous<br \/>\n\t\t\t\t\t\t\tNext<\/p>\n<h3>\n\t\t\t\t\t<\/h3>\n<h1>Curcuma longa L.<\/h1>\n<p>La c\u00farcuma (Curcuma longa L.) es una planta de la Familia Zingiberaceae, originario de la India y el sudeste asi\u00e1tico, el uso de la c\u00farcuma se remonta a m\u00e1s de 4.000 a\u00f1os.<\/p>\n<p>La c\u00farcuma se cultiva en regiones tropicales y subtropicales, crece en altitudes entre 400 y 1.000 metros sobre el nivel del mar.<\/p>\n<p>Se conocen m\u00e1s de 130 especies de la planta de c\u00farcuma a nivel mundial, la c\u00farcuma ha sido utilizada a trav\u00e9s de la historia no s\u00f3lo como condimento para las comidas, sino como medicina, agente colorante de alimentos (quesos-manteca) y como tintura textil.<\/p>\n<p>\t\t\t\t\t\t\t\t\t\t<img loading=\"lazy\" decoding=\"async\" width=\"1984\" height=\"142\" src=\"http:\/\/peruorigins.com\/wp-content\/uploads\/2020\/05\/linea-cultivo2.jpg\" alt=\"\" srcset=\"https:\/\/peruorigins.com\/wp-content\/uploads\/2020\/05\/linea-cultivo2.jpg 1984w, https:\/\/peruorigins.com\/wp-content\/uploads\/2020\/05\/linea-cultivo2-300x21.jpg 300w, https:\/\/peruorigins.com\/wp-content\/uploads\/2020\/05\/linea-cultivo2-1024x73.jpg 1024w, https:\/\/peruorigins.com\/wp-content\/uploads\/2020\/05\/linea-cultivo2-768x55.jpg 768w, https:\/\/peruorigins.com\/wp-content\/uploads\/2020\/05\/linea-cultivo2-1536x110.jpg 1536w, https:\/\/peruorigins.com\/wp-content\/uploads\/2020\/05\/linea-cultivo2-600x43.jpg 600w\" sizes=\"auto, (max-width: 1984px) 100vw, 1984px\" \/>\t\t\t\t\t\t\t\t\t\t\t<\/p>\n<h1><u>Propiedades<\/u><\/h1>\n<p>En el caso de la c\u00farcuma es una buena especia, esto pues posee una amplia composici\u00f3n nutricional lo cual le aporta grandes beneficios a los individuos que la consuman.<\/p>\n<p>La c\u00farcuma es una fuente concentrada de unos fitonutrientes llamados curcuminoides, entre los que se encuentra la curcumina entre otros.<\/p>\n<p>As\u00ed mismo contiene aceites vol\u00e1tiles como turmerona, zingibereno y atlantona que le otorgan su aroma caracter\u00edstico. Es rica en minerales como el hierro, potasio, fosforo, calcio y magnesio, contiene az\u00facares, prote\u00ednas y fibra, es una buena fuente de \u00e1cidos grasos omega 3 y \u00e1cido \u03b1-linol\u00e9nico y vitaminas C y E.<\/p>\n<h1><u>Beneficios<\/u><\/h1>\n<p>Como hemos mencionado la c\u00farcuma es fuente de la curcumina, la cual posee actividad antiinflamatoria, antioxidantes, inmunoprotectora, digestiva y hepatoprotectora entre otras.<\/p>\n<p>Seg\u00fan diversas investigaciones su efecto beneficioso recae en enfermedades como la ateroesclerosis, diabetes, c\u00e1ncer, enfermedades digestivas, hep\u00e1ticas e intestinales, problemas oculares, neurodegenerativos como el Alzheimer y alteraciones respiratorias.<\/p>\n<ul>\n<li>Antiinflamatorio.<\/li>\n<li>Mejora la digesti\u00f3n.<\/li>\n<li>Posee actividad hepatoprotectora.<\/li>\n<li>Promueve la cicatrizaci\u00f3n y la reparaci\u00f3n de tejidos.<\/li>\n<li>Mejora los problemas respiratorios.<\/li>\n<li>Estimula el sistema inmunitario.<\/li>\n<li>Efecto antioxidante.<\/li>\n<li>Actividad anticancer\u00edgena.<\/li>\n<\/ul>\n<p>\t\t\t\t\t\t\t\t\t\t<img loading=\"lazy\" decoding=\"async\" width=\"1984\" height=\"142\" src=\"http:\/\/peruorigins.com\/wp-content\/uploads\/2020\/05\/linea-cultivo2.jpg\" alt=\"\" srcset=\"https:\/\/peruorigins.com\/wp-content\/uploads\/2020\/05\/linea-cultivo2.jpg 1984w, https:\/\/peruorigins.com\/wp-content\/uploads\/2020\/05\/linea-cultivo2-300x21.jpg 300w, https:\/\/peruorigins.com\/wp-content\/uploads\/2020\/05\/linea-cultivo2-1024x73.jpg 1024w, https:\/\/peruorigins.com\/wp-content\/uploads\/2020\/05\/linea-cultivo2-768x55.jpg 768w, https:\/\/peruorigins.com\/wp-content\/uploads\/2020\/05\/linea-cultivo2-1536x110.jpg 1536w, https:\/\/peruorigins.com\/wp-content\/uploads\/2020\/05\/linea-cultivo2-600x43.jpg 600w\" sizes=\"auto, (max-width: 1984px) 100vw, 1984px\" \/>\t\t\t\t\t\t\t\t\t\t\t<\/p>\n<h1><b><u>Usos<\/u><\/b><\/h1>\n<p>La c\u00farcuma tiene diferentes usos en la actualidad que nos reportan sus beneficios para el organismo. Por eso se utiliza en la elaboraci\u00f3n de diferentes productos ecol\u00f3gicos y suplementos, es usado en polvo; como condimento; en infusiones; en jarabes; en forma de c\u00e1psulas o polvos como suplementos alimenticios y en aceites.<\/p>\n<h1><u>Presentaciones<\/u><\/h1>\n<p>\t\t\t\t\t\t\t\t\t\t<img loading=\"lazy\" decoding=\"async\" width=\"99\" height=\"99\" src=\"http:\/\/peruorigins.com\/wp-content\/uploads\/2020\/06\/powder.jpeg\" alt=\"\" \/>\t\t\t\t\t\t\t\t\t\t\t<\/p>\n<h1><u>Ubicaci\u00f3n<\/u><\/h1>\n<p>\t\t\t\t\t\t\t\t\t\t<img loading=\"lazy\" decoding=\"async\" width=\"805\" height=\"885\" src=\"http:\/\/peruorigins.com\/wp-content\/uploads\/2020\/06\/mapa_curcuma.jpg\" alt=\"\" srcset=\"https:\/\/peruorigins.com\/wp-content\/uploads\/2020\/06\/mapa_curcuma.jpg 805w, https:\/\/peruorigins.com\/wp-content\/uploads\/2020\/06\/mapa_curcuma-273x300.jpg 273w, https:\/\/peruorigins.com\/wp-content\/uploads\/2020\/06\/mapa_curcuma-768x844.jpg 768w, https:\/\/peruorigins.com\/wp-content\/uploads\/2020\/06\/mapa_curcuma-600x660.jpg 600w\" sizes=\"auto, (max-width: 805px) 100vw, 805px\" \/><br \/>\n\t\t\t\t\t\t\t\t\t\t<img loading=\"lazy\" decoding=\"async\" width=\"769\" height=\"122\" src=\"http:\/\/peruorigins.com\/wp-content\/uploads\/2020\/06\/estacionalidad_curcuma.png\" alt=\"\" srcset=\"https:\/\/peruorigins.com\/wp-content\/uploads\/2020\/06\/estacionalidad_curcuma.png 769w, https:\/\/peruorigins.com\/wp-content\/uploads\/2020\/06\/estacionalidad_curcuma-300x48.png 300w, https:\/\/peruorigins.com\/wp-content\/uploads\/2020\/06\/estacionalidad_curcuma-600x95.png 600w\" sizes=\"auto, (max-width: 769px) 100vw, 769px\" \/><\/p>","protected":false},"excerpt":{"rendered":"<p>Previous Next Curcuma longa L. Turmeric (Curcuma longa L.) is a plant in the Zingiberaceae family, native to India and Southeast Asia, the use of turmeric dates back more than 4,000 years ago. Turmeric is grown in tropical and subtropical regions, growing at altitudes between 400 and 1,000 meters above sea level. More than 130 [&hellip;]<\/p>","protected":false},"author":1,"featured_media":0,"parent":0,"menu_order":0,"comment_status":"closed","ping_status":"closed","template":"","meta":{"_joinchat":[],"footnotes":""},"class_list":["post-528","page","type-page","status-publish","hentry","entry"],"_links":{"self":[{"href":"https:\/\/peruorigins.com\/es\/wp-json\/wp\/v2\/pages\/528","targetHints":{"allow":["GET"]}}],"collection":[{"href":"https:\/\/peruorigins.com\/es\/wp-json\/wp\/v2\/pages"}],"about":[{"href":"https:\/\/peruorigins.com\/es\/wp-json\/wp\/v2\/types\/page"}],"author":[{"embeddable":true,"href":"https:\/\/peruorigins.com\/es\/wp-json\/wp\/v2\/users\/1"}],"replies":[{"embeddable":true,"href":"https:\/\/peruorigins.com\/es\/wp-json\/wp\/v2\/comments?post=528"}],"version-history":[{"count":12,"href":"https:\/\/peruorigins.com\/es\/wp-json\/wp\/v2\/pages\/528\/revisions"}],"predecessor-version":[{"id":1295,"href":"https:\/\/peruorigins.com\/es\/wp-json\/wp\/v2\/pages\/528\/revisions\/1295"}],"wp:attachment":[{"href":"https:\/\/peruorigins.com\/es\/wp-json\/wp\/v2\/media?parent=528"}],"curies":[{"name":"wp","href":"https:\/\/api.w.org\/{rel}","templated":true}]}}