{"id":60,"date":"2020-05-13T05:15:14","date_gmt":"2020-05-13T05:15:14","guid":{"rendered":"http:\/\/peruorigins.com\/?page_id=60"},"modified":"2021-07-21T13:30:07","modified_gmt":"2021-07-21T13:30:07","slug":"nosotros","status":"publish","type":"page","link":"https:\/\/peruorigins.com\/es\/nosotros\/","title":{"rendered":"Nosotros"},"content":{"rendered":"<h1>Conoce a Per\u00fa Origins<\/h1>\n<h1>\n\t\t\t\t\tNosotros<br \/>\n\t\t\t\t<\/h1>\n<p>We are a Peruvian company dedicated to the processing, selling and exporting of high quality<br \/>\norganic and conventional products that comes from the Peruvian biodiversity.<\/p>\n<h1>\n\t\t\t\t\tObjetivo<br \/>\n\t\t\t\t<\/h1>\n<p>Our main goal is to establish long lasting business relationships by providing healthy and high-<br \/>\nquality products that help to preserve health and improve the quality of life of all of our<br \/>\nworldwide customers.<\/p>\n<h1>\n\t\t\t\t\tCompromiso<br \/>\n\t\t\t\t<\/h1>\n<p>We have a commitment to our land and our origins, so we promote the development of all the<br \/>\ncommunities in the productive areas of Peru.<\/p>\n<h1>Responsabilidad social<\/h1>\n<p>En Per\u00fa Origins, estamos interesados \u200b\u200ben brindar apoyo a la sostenibilidad de las actividades y programas en los que participan los agricultores y las comunidades que proporcionan los productos. nos involucramos del trabajo en los centros de producci\u00f3n agr\u00edcola. con esto no solo obtenemos productos de calidad, sino que tambi\u00e9n logramos obtener un pago justo y logramos desarrollar juntos un desarrollo sostenible.<br \/>El compromiso de Per\u00fa Origins no es solo con las granjas, sino tambi\u00e9n con la protecci\u00f3n del\nmedio ambiente y un mejor desarrollo para el pa\u00eds y las comunidades que lo habitan.<\/p>\n<h4>Nuestro equipo<\/h4>\n<p class=\"translation-block\">Somos un equipo de profesionales altamente calificados, comprometidos con nuestros clientes para brindarles la mejor experiencia de la historia. Respondemos a cualquiera de sus consultas o requisitos. Estamos dispuestos a brindarle m\u00e1s informaci\u00f3n sobre el procesamiento de alimentos y podemos encontrar f\u00e1cilmente cualquier soluci\u00f3n que satisfaga sus necesidades. Nosotros trabajamos 24\/7.<\/p>\n<figure><img loading=\"lazy\" decoding=\"async\" width=\"860\" height=\"824\" src=\"https:\/\/peruorigins.com\/wp-content\/uploads\/2020\/06\/IMG-20200603-WA0035.png\" alt=\"\" srcset=\"https:\/\/peruorigins.com\/wp-content\/uploads\/2020\/06\/IMG-20200603-WA0035.png 860w, https:\/\/peruorigins.com\/wp-content\/uploads\/2020\/06\/IMG-20200603-WA0035-300x287.png 300w, https:\/\/peruorigins.com\/wp-content\/uploads\/2020\/06\/IMG-20200603-WA0035-768x736.png 768w, https:\/\/peruorigins.com\/wp-content\/uploads\/2020\/06\/IMG-20200603-WA0035-600x575.png 600w\" sizes=\"auto, (max-width: 860px) 100vw, 860px\" \/><\/figure>\n<h3>Juan P. Chung<\/h3>\n<p>CEO \/ GENERAL MANAGER\n<\/p>\n<p>Juan.chung@peruorigins.com\t\t<\/p>\n<figure><img loading=\"lazy\" decoding=\"async\" width=\"774\" height=\"750\" src=\"https:\/\/peruorigins.com\/wp-content\/uploads\/2020\/06\/IMG-20200605-WA0037-2.png\" alt=\"\" srcset=\"https:\/\/peruorigins.com\/wp-content\/uploads\/2020\/06\/IMG-20200605-WA0037-2.png 774w, https:\/\/peruorigins.com\/wp-content\/uploads\/2020\/06\/IMG-20200605-WA0037-2-300x291.png 300w, https:\/\/peruorigins.com\/wp-content\/uploads\/2020\/06\/IMG-20200605-WA0037-2-768x744.png 768w, https:\/\/peruorigins.com\/wp-content\/uploads\/2020\/06\/IMG-20200605-WA0037-2-600x581.png 600w\" sizes=\"auto, (max-width: 774px) 100vw, 774px\" \/><\/figure>\n<h3>Raiza J. Fernandez<\/h3>\n<p>LOGISTIC MANAGER<\/p>\n<p>\t\t Raiza.fernandez@peruorigins.com<\/p>","protected":false},"excerpt":{"rendered":"<p>About Peru Origins About us We are a Peruvian company dedicated to the processing, selling and exporting of high quality organic and conventional products that comes from the Peruvian biodiversity. Our goal Our main goal is to establish long lasting business relationships by providing healthy and high- quality products that help to preserve health and [&hellip;]<\/p>","protected":false},"author":1,"featured_media":0,"parent":0,"menu_order":0,"comment_status":"closed","ping_status":"closed","template":"","meta":{"_joinchat":[],"footnotes":""},"class_list":["post-60","page","type-page","status-publish","hentry","entry"],"_links":{"self":[{"href":"https:\/\/peruorigins.com\/es\/wp-json\/wp\/v2\/pages\/60","targetHints":{"allow":["GET"]}}],"collection":[{"href":"https:\/\/peruorigins.com\/es\/wp-json\/wp\/v2\/pages"}],"about":[{"href":"https:\/\/peruorigins.com\/es\/wp-json\/wp\/v2\/types\/page"}],"author":[{"embeddable":true,"href":"https:\/\/peruorigins.com\/es\/wp-json\/wp\/v2\/users\/1"}],"replies":[{"embeddable":true,"href":"https:\/\/peruorigins.com\/es\/wp-json\/wp\/v2\/comments?post=60"}],"version-history":[{"count":33,"href":"https:\/\/peruorigins.com\/es\/wp-json\/wp\/v2\/pages\/60\/revisions"}],"predecessor-version":[{"id":1379,"href":"https:\/\/peruorigins.com\/es\/wp-json\/wp\/v2\/pages\/60\/revisions\/1379"}],"wp:attachment":[{"href":"https:\/\/peruorigins.com\/es\/wp-json\/wp\/v2\/media?parent=60"}],"curies":[{"name":"wp","href":"https:\/\/api.w.org\/{rel}","templated":true}]}}