{"id":739,"date":"2020-06-03T22:26:24","date_gmt":"2020-06-03T22:26:24","guid":{"rendered":"http:\/\/peruorigins.com\/?page_id=739"},"modified":"2020-07-05T20:42:30","modified_gmt":"2020-07-05T20:42:30","slug":"tara","status":"publish","type":"page","link":"https:\/\/peruorigins.com\/es\/tara\/","title":{"rendered":"Tara"},"content":{"rendered":"<p>Previous<br \/>\n\t\t\t\t\t\t\tNext<\/p>\n<h3>\n\t\t\t\t\t<\/h3>\n<h1>Caesalpinia Spinosa<\/h1>\n<p>La tara, cuyo nombre cient\u00edfico es Caesalpinia spinosa, es una especie forestal nativa que pertenece a la familia de las leguminosas. <em>Caesalpinia spinosa<\/em>, is a native forest species that belongs to the legume family.<\/p>\n<p>Esta planta est\u00e1 ubicada en la Cordillera del Per\u00fa y se distribuye en casi toda la costa, desde Piura hasta Tacna, y en algunos departamentos de la sierra, esta especie forestal nativa contribuye en la econom\u00eda de diversas familias campesinas de la sierra de nuestro pa\u00eds.<\/p>\n<p>El polvo de prote\u00edna de Tara se obtiene del procesamiento cuidadoso del germen (parte interna de la semilla) a trav\u00e9s de la selecci\u00f3n y molienda de las semillas, que puede variar de blanco a amarillento. Tiene un alto contenido de prote\u00ednas y fibra diet\u00e9tica que se utiliza como prote\u00edna o alimento diet\u00e9tico.<\/p>\n<p>\t\t\t\t\t\t\t\t\t\t<img loading=\"lazy\" decoding=\"async\" width=\"1984\" height=\"142\" src=\"http:\/\/peruorigins.com\/wp-content\/uploads\/2020\/05\/linea-cultivo2.jpg\" alt=\"\" srcset=\"https:\/\/peruorigins.com\/wp-content\/uploads\/2020\/05\/linea-cultivo2.jpg 1984w, https:\/\/peruorigins.com\/wp-content\/uploads\/2020\/05\/linea-cultivo2-300x21.jpg 300w, https:\/\/peruorigins.com\/wp-content\/uploads\/2020\/05\/linea-cultivo2-1024x73.jpg 1024w, https:\/\/peruorigins.com\/wp-content\/uploads\/2020\/05\/linea-cultivo2-768x55.jpg 768w, https:\/\/peruorigins.com\/wp-content\/uploads\/2020\/05\/linea-cultivo2-1536x110.jpg 1536w, https:\/\/peruorigins.com\/wp-content\/uploads\/2020\/05\/linea-cultivo2-600x43.jpg 600w\" sizes=\"auto, (max-width: 1984px) 100vw, 1984px\" \/>\t\t\t\t\t\t\t\t\t\t\t<\/p>\n<h1><u>Propiedades<\/u><\/h1>\n<p>La harina de tara (germen de semilla purificada) es 100% pura y natural, se caracteriza por su contenido particular de prote\u00ednas, amino\u00e1cidos, fibra, glucosilonatos, vitaminas no contiene conservantes, sabores ni colorantes artificiales.<\/p>\n<p>Gracias a su contenido en \u00e1cido g\u00e1lico que apoya a nuestro sistema como antioxidante para combatir radicales libres, dando tambi\u00e9n como consecuencia, un fortalecimiento al sistema inmunol\u00f3gico.<\/p>\n<h1><u>Beneficios<\/u><\/h1>\n<ul>\n<li>Muy buen antioxidante y apoyo inmunitario.<\/li>\n<li>Alto contenido en prote\u00edna.<\/li>\n<li>Ayuda en el proceso metab\u00f3lico.<\/li>\n<li>Ayuda al sistema digestivo.<\/li>\n<li>Apoyo para controlar peso.<\/li>\n<\/ul>\n<p>\t\t\t\t\t\t\t\t\t\t<img loading=\"lazy\" decoding=\"async\" width=\"1984\" height=\"142\" src=\"http:\/\/peruorigins.com\/wp-content\/uploads\/2020\/05\/linea-cultivo2.jpg\" alt=\"\" srcset=\"https:\/\/peruorigins.com\/wp-content\/uploads\/2020\/05\/linea-cultivo2.jpg 1984w, https:\/\/peruorigins.com\/wp-content\/uploads\/2020\/05\/linea-cultivo2-300x21.jpg 300w, https:\/\/peruorigins.com\/wp-content\/uploads\/2020\/05\/linea-cultivo2-1024x73.jpg 1024w, https:\/\/peruorigins.com\/wp-content\/uploads\/2020\/05\/linea-cultivo2-768x55.jpg 768w, https:\/\/peruorigins.com\/wp-content\/uploads\/2020\/05\/linea-cultivo2-1536x110.jpg 1536w, https:\/\/peruorigins.com\/wp-content\/uploads\/2020\/05\/linea-cultivo2-600x43.jpg 600w\" sizes=\"auto, (max-width: 1984px) 100vw, 1984px\" \/>\t\t\t\t\t\t\t\t\t\t\t<\/p>\n<h1><b><u>Usos<\/u><\/b><\/h1>\n<p>Se usa en productos de nutrici\u00f3n como alimento proteico o diet\u00e9tico, en panader\u00edas, barras proteicas y bebidas.<\/p>\n<h1><u>Presentaciones<\/u><\/h1>\n<p>\t\t\t\t\t\t\t\t\t\t<img loading=\"lazy\" decoding=\"async\" width=\"99\" height=\"99\" src=\"http:\/\/peruorigins.com\/wp-content\/uploads\/2020\/06\/powder.jpeg\" alt=\"\" \/>\t\t\t\t\t\t\t\t\t\t\t<\/p>\n<h1><u>Ubicaci\u00f3n<\/u><\/h1>\n<p>\t\t\t\t\t\t\t\t\t\t<img loading=\"lazy\" decoding=\"async\" width=\"805\" height=\"885\" src=\"http:\/\/peruorigins.com\/wp-content\/uploads\/2020\/06\/Tara-map.jpg\" alt=\"\" srcset=\"https:\/\/peruorigins.com\/wp-content\/uploads\/2020\/06\/Tara-map.jpg 805w, https:\/\/peruorigins.com\/wp-content\/uploads\/2020\/06\/Tara-map-273x300.jpg 273w, https:\/\/peruorigins.com\/wp-content\/uploads\/2020\/06\/Tara-map-768x844.jpg 768w, https:\/\/peruorigins.com\/wp-content\/uploads\/2020\/06\/Tara-map-600x660.jpg 600w\" sizes=\"auto, (max-width: 805px) 100vw, 805px\" \/><br \/>\n\t\t\t\t\t\t\t\t\t\t<img loading=\"lazy\" decoding=\"async\" width=\"771\" height=\"119\" src=\"http:\/\/peruorigins.com\/wp-content\/uploads\/2020\/06\/Tara-cuadro.png\" alt=\"\" srcset=\"https:\/\/peruorigins.com\/wp-content\/uploads\/2020\/06\/Tara-cuadro.png 771w, https:\/\/peruorigins.com\/wp-content\/uploads\/2020\/06\/Tara-cuadro-300x46.png 300w, https:\/\/peruorigins.com\/wp-content\/uploads\/2020\/06\/Tara-cuadro-768x119.png 768w, https:\/\/peruorigins.com\/wp-content\/uploads\/2020\/06\/Tara-cuadro-600x93.png 600w\" sizes=\"auto, (max-width: 771px) 100vw, 771px\" \/><\/p>","protected":false},"excerpt":{"rendered":"<p>Previous Next Caesalpinia Spinosa Tara, which scientific name is Caesalpinia spinosa, is a native forest species that belongs to the legume family. This plant is located in the highlands of Per\u00fa and is distributed over almost the entire coast, from Piura to Tacna. This native forest specie contributes to the economy of various rural families [&hellip;]<\/p>","protected":false},"author":1,"featured_media":0,"parent":0,"menu_order":0,"comment_status":"closed","ping_status":"closed","template":"","meta":{"_joinchat":[],"footnotes":""},"class_list":["post-739","page","type-page","status-publish","hentry","entry"],"_links":{"self":[{"href":"https:\/\/peruorigins.com\/es\/wp-json\/wp\/v2\/pages\/739","targetHints":{"allow":["GET"]}}],"collection":[{"href":"https:\/\/peruorigins.com\/es\/wp-json\/wp\/v2\/pages"}],"about":[{"href":"https:\/\/peruorigins.com\/es\/wp-json\/wp\/v2\/types\/page"}],"author":[{"embeddable":true,"href":"https:\/\/peruorigins.com\/es\/wp-json\/wp\/v2\/users\/1"}],"replies":[{"embeddable":true,"href":"https:\/\/peruorigins.com\/es\/wp-json\/wp\/v2\/comments?post=739"}],"version-history":[{"count":15,"href":"https:\/\/peruorigins.com\/es\/wp-json\/wp\/v2\/pages\/739\/revisions"}],"predecessor-version":[{"id":1304,"href":"https:\/\/peruorigins.com\/es\/wp-json\/wp\/v2\/pages\/739\/revisions\/1304"}],"wp:attachment":[{"href":"https:\/\/peruorigins.com\/es\/wp-json\/wp\/v2\/media?parent=739"}],"curies":[{"name":"wp","href":"https:\/\/api.w.org\/{rel}","templated":true}]}}