{"id":749,"date":"2020-06-03T23:11:06","date_gmt":"2020-06-03T23:11:06","guid":{"rendered":"http:\/\/peruorigins.com\/?page_id=749"},"modified":"2020-07-05T20:46:39","modified_gmt":"2020-07-05T20:46:39","slug":"una-de-gato","status":"publish","type":"page","link":"https:\/\/peruorigins.com\/es\/una-de-gato\/","title":{"rendered":"U\u00f1a de Gato"},"content":{"rendered":"<p>Previous<br \/>\n\t\t\t\t\t\t\tNext<\/p>\n<h3>\n\t\t\t\t\t<\/h3>\n<h1>Uncaria Tomentosa<\/h1>\n<p>La u\u00f1a de Gato (uncaria tomentosa) es una planta trepadora amaz\u00f3nica que puede alcanzar los 20 metros de altura. Proviene principalmente de las selvas v\u00edrgenes de Per\u00fa, aunque tambi\u00e9n se encuentra en otras zonas del Amazonas en Brasil, Bolivia o la Guayana Francesa. Las tribus ind\u00edgenas preparaban t\u00e9 con ella hace 2.000 a\u00f1os debido a sus propiedades medicinales.<\/p>\n<p>Esta planta ha tenido cierta diversidad de usos a trav\u00e9s del tiempo y se le atributen diversos beneficios.<\/p>\n<p>En la actualidad, goza de amplio reconocimiento internacional y es una de las plantas m\u00e1s valoradas por su potencial terap\u00e9utico.<\/p>\n<p>\t\t\t\t\t\t\t\t\t\t<img loading=\"lazy\" decoding=\"async\" width=\"1984\" height=\"142\" src=\"http:\/\/peruorigins.com\/wp-content\/uploads\/2020\/05\/linea-cultivo2.jpg\" alt=\"\" srcset=\"https:\/\/peruorigins.com\/wp-content\/uploads\/2020\/05\/linea-cultivo2.jpg 1984w, https:\/\/peruorigins.com\/wp-content\/uploads\/2020\/05\/linea-cultivo2-300x21.jpg 300w, https:\/\/peruorigins.com\/wp-content\/uploads\/2020\/05\/linea-cultivo2-1024x73.jpg 1024w, https:\/\/peruorigins.com\/wp-content\/uploads\/2020\/05\/linea-cultivo2-768x55.jpg 768w, https:\/\/peruorigins.com\/wp-content\/uploads\/2020\/05\/linea-cultivo2-1536x110.jpg 1536w, https:\/\/peruorigins.com\/wp-content\/uploads\/2020\/05\/linea-cultivo2-600x43.jpg 600w\" sizes=\"auto, (max-width: 1984px) 100vw, 1984px\" \/>\t\t\t\t\t\t\t\t\t\t\t<\/p>\n<h1><u>Propiedades<\/u><\/h1>\n<p>Entre los principios activos que contiene la ra\u00edz y la corteza de esta planta medicinal se encuentran los alcaloides oxindoles, glic\u00f3sidos, polifenoles, terpenos y esteroides.<\/p>\n<p>Gracias a estos componentes la u\u00f1a de gato tiene acci\u00f3n analg\u00e9sica, antioxidante, anticancerosa, antiinflamatoria, antiviral, inmunoestimulante, anticoagulante, antif\u00fangica, cardioprotectora, antidiab\u00e9tica, cicatrizante, antial\u00e9rgica e incluso anticonceptiva.<\/p>\n<p>Sus propiedades antiinflamatorias, antioxidantes y otros beneficios potenciales hacen de esta planta amaz\u00f3nica una de las m\u00e1s estudiadas y de las m\u00e1s demandadas por la cosm\u00e9tica y la medicina.<\/p>\n<h1><u>Beneficios<\/u><\/h1>\n<p>La u\u00f1a de gato a menudo se combina con la acci\u00f3n medicinal y terap\u00e9utica de otras hierbas para potenciar el alivio y curaci\u00f3n de enfermedades.<\/p>\n<ul>\n<li>Reducci\u00f3n del dolor producto del reumatismo, la artritis y diversos problemas inflamatorios.<\/li>\n<li>La cicatrizaci\u00f3n de heridas.<\/li>\n<li>Como tratamiento de \u00falceras g\u00e1stricas y dolencias intestinales.<\/li>\n<li>Alivio del dolor cr\u00f3nico.<\/li>\n<li>Mejora de la inmunidad, fortaleciendo dicho sistema.<\/li>\n<li>Alivio a problemas estomacales como la gastritis y \u00falceras duodenales.<\/li>\n<li>Combate infecciones como el herpes y c\u00e1ndida.<\/li>\n<li>Te ayuda a eliminar toxinas del organismo.<\/li>\n<li>Previene enfermedades cardiacas.<\/li>\n<li>Reduce los dolores articulares y musculares.<\/li>\n<li>Mejora los casos de asma y bronquitis.<\/li>\n<\/ul>\n<p>\t\t\t\t\t\t\t\t\t\t<img loading=\"lazy\" decoding=\"async\" width=\"1984\" height=\"142\" src=\"http:\/\/peruorigins.com\/wp-content\/uploads\/2020\/05\/linea-cultivo2.jpg\" alt=\"\" srcset=\"https:\/\/peruorigins.com\/wp-content\/uploads\/2020\/05\/linea-cultivo2.jpg 1984w, https:\/\/peruorigins.com\/wp-content\/uploads\/2020\/05\/linea-cultivo2-300x21.jpg 300w, https:\/\/peruorigins.com\/wp-content\/uploads\/2020\/05\/linea-cultivo2-1024x73.jpg 1024w, https:\/\/peruorigins.com\/wp-content\/uploads\/2020\/05\/linea-cultivo2-768x55.jpg 768w, https:\/\/peruorigins.com\/wp-content\/uploads\/2020\/05\/linea-cultivo2-1536x110.jpg 1536w, https:\/\/peruorigins.com\/wp-content\/uploads\/2020\/05\/linea-cultivo2-600x43.jpg 600w\" sizes=\"auto, (max-width: 1984px) 100vw, 1984px\" \/>\t\t\t\t\t\t\t\t\t\t\t<\/p>\n<h1><b><u>Usos<\/u><\/b><\/h1>\n<p>La u\u00f1a de gato en polvo es un gran ingrediente para infusiones, suplementos, batidos que permitir\u00e1 estimular todo tu d\u00eda.<\/p>\n<h1><u>Presentaciones<\/u><\/h1>\n<p>\t\t\t\t\t\t\t\t\t\t<img loading=\"lazy\" decoding=\"async\" width=\"99\" height=\"99\" src=\"http:\/\/peruorigins.com\/wp-content\/uploads\/2020\/06\/powder.jpeg\" alt=\"\" \/>\t\t\t\t\t\t\t\t\t\t\t<\/p>\n<h1><u>Ubicaci\u00f3n<\/u><\/h1>\n<p>\t\t\t\t\t\t\t\t\t\t<img loading=\"lazy\" decoding=\"async\" width=\"805\" height=\"885\" src=\"http:\/\/peruorigins.com\/wp-content\/uploads\/2020\/06\/U\u00f1a-de-gato-map.jpg\" alt=\"\" srcset=\"https:\/\/peruorigins.com\/wp-content\/uploads\/2020\/06\/U\u00f1a-de-gato-map.jpg 805w, https:\/\/peruorigins.com\/wp-content\/uploads\/2020\/06\/U\u00f1a-de-gato-map-273x300.jpg 273w, https:\/\/peruorigins.com\/wp-content\/uploads\/2020\/06\/U\u00f1a-de-gato-map-768x844.jpg 768w, https:\/\/peruorigins.com\/wp-content\/uploads\/2020\/06\/U\u00f1a-de-gato-map-600x660.jpg 600w\" sizes=\"auto, (max-width: 805px) 100vw, 805px\" \/><br \/>\n\t\t\t\t\t\t\t\t\t\t<img loading=\"lazy\" decoding=\"async\" width=\"771\" height=\"121\" src=\"http:\/\/peruorigins.com\/wp-content\/uploads\/2020\/06\/U\u00f1a-de-gato-cuadro.png\" alt=\"\" srcset=\"https:\/\/peruorigins.com\/wp-content\/uploads\/2020\/06\/U\u00f1a-de-gato-cuadro.png 771w, https:\/\/peruorigins.com\/wp-content\/uploads\/2020\/06\/U\u00f1a-de-gato-cuadro-300x47.png 300w, https:\/\/peruorigins.com\/wp-content\/uploads\/2020\/06\/U\u00f1a-de-gato-cuadro-768x121.png 768w, https:\/\/peruorigins.com\/wp-content\/uploads\/2020\/06\/U\u00f1a-de-gato-cuadro-600x94.png 600w\" sizes=\"auto, (max-width: 771px) 100vw, 771px\" \/><\/p>","protected":false},"excerpt":{"rendered":"<p>Previous Next Uncaria Tomentosa Cat&#8217;s claw (Uncaria tomentosa) is an Amazon climbing plant that can reach 20 meters in height. It comes mainly from the virgin forests of Peru, although it is also found in other areas of the Amazon in Brazil, Bolivia or French Guiana. 2,000 years ago the indigenous tribes used it for [&hellip;]<\/p>","protected":false},"author":1,"featured_media":0,"parent":0,"menu_order":0,"comment_status":"closed","ping_status":"closed","template":"","meta":{"_joinchat":[],"footnotes":""},"class_list":["post-749","page","type-page","status-publish","hentry","entry"],"_links":{"self":[{"href":"https:\/\/peruorigins.com\/es\/wp-json\/wp\/v2\/pages\/749","targetHints":{"allow":["GET"]}}],"collection":[{"href":"https:\/\/peruorigins.com\/es\/wp-json\/wp\/v2\/pages"}],"about":[{"href":"https:\/\/peruorigins.com\/es\/wp-json\/wp\/v2\/types\/page"}],"author":[{"embeddable":true,"href":"https:\/\/peruorigins.com\/es\/wp-json\/wp\/v2\/users\/1"}],"replies":[{"embeddable":true,"href":"https:\/\/peruorigins.com\/es\/wp-json\/wp\/v2\/comments?post=749"}],"version-history":[{"count":13,"href":"https:\/\/peruorigins.com\/es\/wp-json\/wp\/v2\/pages\/749\/revisions"}],"predecessor-version":[{"id":1308,"href":"https:\/\/peruorigins.com\/es\/wp-json\/wp\/v2\/pages\/749\/revisions\/1308"}],"wp:attachment":[{"href":"https:\/\/peruorigins.com\/es\/wp-json\/wp\/v2\/media?parent=749"}],"curies":[{"name":"wp","href":"https:\/\/api.w.org\/{rel}","templated":true}]}}