{"id":757,"date":"2020-06-03T23:26:58","date_gmt":"2020-06-03T23:26:58","guid":{"rendered":"http:\/\/peruorigins.com\/?page_id=757"},"modified":"2020-07-05T20:53:31","modified_gmt":"2020-07-05T20:53:31","slug":"cafe","status":"publish","type":"page","link":"https:\/\/peruorigins.com\/es\/cafe\/","title":{"rendered":"Cafe"},"content":{"rendered":"<p>Previous<br \/>\n\t\t\t\t\t\t\tNext<\/p>\n<h3>\n\t\t\t\t\t<\/h3>\n<h1>Coffea Arabica<\/h1>\n<p>Seg\u00fan se sabe el caf\u00e9 (Coffea arabica) es de la provincia de Kaffa (suroeste de Etiopia), donde tiene altura hasta 3500 metros de clima suave y vegetaci\u00f3n tropical exuberante, pues creci\u00f3 ah\u00ed en forma silvestre.<\/p>\n<p>El caf\u00e9 encontr\u00f3 en los valles interandinos y selva alta del Per\u00fa un terreno propicio para florecer, la altitud, el calor y la suficiente humedad de estas zonas hicieron que el caf\u00e9 se posicionara en la selva alta semitropical de Huanuco, Moyabamba, Cusco y Ja\u00e9n.<\/p>\n<p>Las zonas de producci\u00f3n de caf\u00e9 m\u00e1s destacadas del Per\u00fa se encuentran en la zona norte, zona central y zona sur. El 43% de la producci\u00f3n se encuentra en Piura, Cajamarca, Amazonas y San Martin en la zona norte; el 34% de la producci\u00f3n se encuentra en Jun\u00edn, Pasco, Hu\u00e1nuco y Ucayali en la zona central y el 23% de la producci\u00f3n se encuentra en Apur\u00edmac, Ayacucho, Cusco y Puno en la zona sur.<\/p>\n<p>El Caf\u00e9 es el primer producto agr\u00edcola peruano de exportaci\u00f3n y es el s\u00e9ptimo pa\u00eds exportador de caf\u00e9 a nivel mundial.<\/p>\n<p>\t\t\t\t\t\t\t\t\t\t<img loading=\"lazy\" decoding=\"async\" width=\"1984\" height=\"142\" src=\"http:\/\/peruorigins.com\/wp-content\/uploads\/2020\/05\/linea-cultivo2.jpg\" alt=\"\" srcset=\"https:\/\/peruorigins.com\/wp-content\/uploads\/2020\/05\/linea-cultivo2.jpg 1984w, https:\/\/peruorigins.com\/wp-content\/uploads\/2020\/05\/linea-cultivo2-300x21.jpg 300w, https:\/\/peruorigins.com\/wp-content\/uploads\/2020\/05\/linea-cultivo2-1024x73.jpg 1024w, https:\/\/peruorigins.com\/wp-content\/uploads\/2020\/05\/linea-cultivo2-768x55.jpg 768w, https:\/\/peruorigins.com\/wp-content\/uploads\/2020\/05\/linea-cultivo2-1536x110.jpg 1536w, https:\/\/peruorigins.com\/wp-content\/uploads\/2020\/05\/linea-cultivo2-600x43.jpg 600w\" sizes=\"auto, (max-width: 1984px) 100vw, 1984px\" \/>\t\t\t\t\t\t\t\t\t\t\t<\/p>\n<h1><u>Propiedades<\/u><\/h1>\n<p>El caf\u00e9 contiene alto nivel de antioxidantes gracias a la presencia de polifenoles (\u00e1cido clorog\u00e9nico, \u00e1cido cafeico, fer\u00falico, cum\u00e1rico), un grupo variado y complejo de antioxidantes naturales.<\/p>\n<p>Para muchos el contenido del caf\u00e9 en antioxidantes, vitaminas y minerales, se\u00f1alan que el caf\u00e9 podr\u00eda llegar a ser considerado como un alimento funcional.<\/p>\n<h1><u>Beneficios<\/u><\/h1>\n<p>El consumo de caf\u00e9 con moderaci\u00f3n repercute positivamente en nuestra salud; mostraremos algunas de las bondades del caf\u00e9.<\/p>\n<ul>\n<li>Ayuda a conservar la memoria.<\/li>\n<li>Aumenta el rendimiento f\u00edsico y mental.<\/li>\n<li>Tiene alto grado de antioxidantes.<\/li>\n<li>La cafe\u00edna dilata los bronquios.<\/li>\n<li>Ayuda en el control de la depresi\u00f3n.<\/li>\n<li>Contiene nutrientes esenciales.<\/li>\n<li>Mejora aspectos de la funci\u00f3n cerebral.<\/li>\n<li>Ayuda a quemar grasas.<\/li>\n<\/ul>\n<p>\t\t\t\t\t\t\t\t\t\t<img loading=\"lazy\" decoding=\"async\" width=\"1984\" height=\"142\" src=\"http:\/\/peruorigins.com\/wp-content\/uploads\/2020\/05\/linea-cultivo2.jpg\" alt=\"\" srcset=\"https:\/\/peruorigins.com\/wp-content\/uploads\/2020\/05\/linea-cultivo2.jpg 1984w, https:\/\/peruorigins.com\/wp-content\/uploads\/2020\/05\/linea-cultivo2-300x21.jpg 300w, https:\/\/peruorigins.com\/wp-content\/uploads\/2020\/05\/linea-cultivo2-1024x73.jpg 1024w, https:\/\/peruorigins.com\/wp-content\/uploads\/2020\/05\/linea-cultivo2-768x55.jpg 768w, https:\/\/peruorigins.com\/wp-content\/uploads\/2020\/05\/linea-cultivo2-1536x110.jpg 1536w, https:\/\/peruorigins.com\/wp-content\/uploads\/2020\/05\/linea-cultivo2-600x43.jpg 600w\" sizes=\"auto, (max-width: 1984px) 100vw, 1984px\" \/>\t\t\t\t\t\t\t\t\t\t\t<\/p>\n<h1><b><u>Usos<\/u><\/b><\/h1>\n<p>El caf\u00e9 en polvo puedes usarlo como un ingrediente para postres, batidos, suplementos y otros productos para la salud.<\/p>\n<h1><u>Presentaciones<\/u><\/h1>\n<p>\t\t\t\t\t\t\t\t\t\t<img loading=\"lazy\" decoding=\"async\" width=\"227\" height=\"99\" src=\"http:\/\/peruorigins.com\/wp-content\/uploads\/2020\/06\/powder_seed.jpeg\" alt=\"\" \/>\t\t\t\t\t\t\t\t\t\t\t<\/p>\n<h1><u>Ubicaci\u00f3n<\/u><\/h1>\n<p>\t\t\t\t\t\t\t\t\t\t<img loading=\"lazy\" decoding=\"async\" width=\"805\" height=\"885\" src=\"http:\/\/peruorigins.com\/wp-content\/uploads\/2020\/06\/Aguaje-map.jpg\" alt=\"\" srcset=\"https:\/\/peruorigins.com\/wp-content\/uploads\/2020\/06\/Aguaje-map.jpg 805w, https:\/\/peruorigins.com\/wp-content\/uploads\/2020\/06\/Aguaje-map-273x300.jpg 273w, https:\/\/peruorigins.com\/wp-content\/uploads\/2020\/06\/Aguaje-map-768x844.jpg 768w, https:\/\/peruorigins.com\/wp-content\/uploads\/2020\/06\/Aguaje-map-600x660.jpg 600w\" sizes=\"auto, (max-width: 805px) 100vw, 805px\" \/><br \/>\n\t\t\t\t\t\t\t\t\t\t<img loading=\"lazy\" decoding=\"async\" width=\"769\" height=\"122\" src=\"http:\/\/peruorigins.com\/wp-content\/uploads\/2020\/06\/Aguaje-cuadro.png\" alt=\"\" srcset=\"https:\/\/peruorigins.com\/wp-content\/uploads\/2020\/06\/Aguaje-cuadro.png 769w, https:\/\/peruorigins.com\/wp-content\/uploads\/2020\/06\/Aguaje-cuadro-300x48.png 300w, https:\/\/peruorigins.com\/wp-content\/uploads\/2020\/06\/Aguaje-cuadro-600x95.png 600w\" sizes=\"auto, (max-width: 769px) 100vw, 769px\" \/><\/p>","protected":false},"excerpt":{"rendered":"<p>Previous Next Coffea Arabica As it is known, coffee (Coffea arabica) is from the Kaffa province (southwest Ethiopia), where it grows at a height up to 3500 meters in mild climate and exuberant tropical vegetation, so that is its wild ecosystem. Coffee found in the inter-Andean valleys and the high jungle of Peru a favorable [&hellip;]<\/p>","protected":false},"author":1,"featured_media":0,"parent":0,"menu_order":0,"comment_status":"closed","ping_status":"closed","template":"","meta":{"_joinchat":[],"footnotes":""},"class_list":["post-757","page","type-page","status-publish","hentry","entry"],"_links":{"self":[{"href":"https:\/\/peruorigins.com\/es\/wp-json\/wp\/v2\/pages\/757","targetHints":{"allow":["GET"]}}],"collection":[{"href":"https:\/\/peruorigins.com\/es\/wp-json\/wp\/v2\/pages"}],"about":[{"href":"https:\/\/peruorigins.com\/es\/wp-json\/wp\/v2\/types\/page"}],"author":[{"embeddable":true,"href":"https:\/\/peruorigins.com\/es\/wp-json\/wp\/v2\/users\/1"}],"replies":[{"embeddable":true,"href":"https:\/\/peruorigins.com\/es\/wp-json\/wp\/v2\/comments?post=757"}],"version-history":[{"count":18,"href":"https:\/\/peruorigins.com\/es\/wp-json\/wp\/v2\/pages\/757\/revisions"}],"predecessor-version":[{"id":1311,"href":"https:\/\/peruorigins.com\/es\/wp-json\/wp\/v2\/pages\/757\/revisions\/1311"}],"wp:attachment":[{"href":"https:\/\/peruorigins.com\/es\/wp-json\/wp\/v2\/media?parent=757"}],"curies":[{"name":"wp","href":"https:\/\/api.w.org\/{rel}","templated":true}]}}