{"id":811,"date":"2020-06-04T02:30:22","date_gmt":"2020-06-04T02:30:22","guid":{"rendered":"http:\/\/peruorigins.com\/?page_id=811"},"modified":"2020-07-05T20:58:24","modified_gmt":"2020-07-05T20:58:24","slug":"aguaymanto","status":"publish","type":"page","link":"https:\/\/peruorigins.com\/es\/aguaymanto\/","title":{"rendered":"Aguaymanto"},"content":{"rendered":"<p>Previous<br \/>\n\t\t\t\t\t\t\tNext<\/p>\n<h3>\n\t\t\t\t\t<\/h3>\n<h1>Physalis Peruviana L.<\/h1>\n<p>El aguaymanto (Physalis peruviana L.)  es un arbusto, oriundo de los Andes Peruanos, conocido como fruta nativa desde la \u00e9poca de los Incas. Era una de las plantas preferentes del jard\u00edn de los nobles y particularmente fue cultivada en el valle sagrado de los Incas.<\/p>\n<p>Este fruto es cultivado tambi\u00e9n en las provincias de Hu\u00e1nuco, Jun\u00edn, Cajamarca, Ancash y Cusco. El clima tropical de estas regiones las convierte en los mejores lugares para cosechar nuestro aguaymanto.<\/p>\n<p>Su sabor amargo y agrio genera un sabor agradable en el paladar y se considera un superalimento debido a sus beneficios para la salud y al alto contenido de vitamina C. es una gran fuente de provitamina A, fosforo y potasio. as\u00ed como algunas del complejo vitam\u00ednico B. que favorecen al sistema inmunol\u00f3gico.<\/p>\n<p>\t\t\t\t\t\t\t\t\t\t<img loading=\"lazy\" decoding=\"async\" width=\"1984\" height=\"142\" src=\"http:\/\/peruorigins.com\/wp-content\/uploads\/2020\/05\/linea-cultivo2.jpg\" alt=\"\" srcset=\"https:\/\/peruorigins.com\/wp-content\/uploads\/2020\/05\/linea-cultivo2.jpg 1984w, https:\/\/peruorigins.com\/wp-content\/uploads\/2020\/05\/linea-cultivo2-300x21.jpg 300w, https:\/\/peruorigins.com\/wp-content\/uploads\/2020\/05\/linea-cultivo2-1024x73.jpg 1024w, https:\/\/peruorigins.com\/wp-content\/uploads\/2020\/05\/linea-cultivo2-768x55.jpg 768w, https:\/\/peruorigins.com\/wp-content\/uploads\/2020\/05\/linea-cultivo2-1536x110.jpg 1536w, https:\/\/peruorigins.com\/wp-content\/uploads\/2020\/05\/linea-cultivo2-600x43.jpg 600w\" sizes=\"auto, (max-width: 1984px) 100vw, 1984px\" \/>\t\t\t\t\t\t\t\t\t\t\t<\/p>\n<h1><u>Propiedades<\/u><\/h1>\n<p>El aguaymanto brinda al cuerpo humano un alto contenido de vitamina C, por lo cual ayuda a tratar procesos asm\u00e1ticos, sinusitis y otras alergias. Adem\u00e1s, cuenta con antioxidante que ayuda a retardar el envejecimiento celular y mejoran el desempe\u00f1o de las funciones cardiovasculares., tambi\u00e9n ayuda a cicatrizar las heridas, mejora el sistema inmunol\u00f3gico, aumenta la producci\u00f3n de gl\u00f3bulos rojos. Asimismo, corrige el desempe\u00f1o de las funciones cardiovasculares y funciona como un tranquilizante natural.<\/p>\n<p>.<\/p>\n<h1><u>Beneficios<\/u><\/h1>\n<ul>\n<li>Aumenta el sistema inmunol\u00f3gico y ayuda a desintoxicar el cuerpo.<\/li>\n<li>Ayuda a perder peso y a controlar la diabetes.<\/li>\n<li>Ayuda a combatir la hipertensi\u00f3n debido a sus propiedades antioxidantes.<\/li>\n<li>Favorece el funcionamiento del aparato digestivo.<\/li>\n<li>Protege contra enfermedades cr\u00f3nicas.<\/li>\n<li>Ayuda a mantener una salud \u00f3ptima del h\u00edgado, los ri\u00f1ones y el coraz\u00f3n.<\/li>\n<li>Beneficioso para mantener niveles m\u00e1s bajos de colesterol malo.<\/li>\n<\/ul>\n<p>\t\t\t\t\t\t\t\t\t\t<img loading=\"lazy\" decoding=\"async\" width=\"1984\" height=\"142\" src=\"http:\/\/peruorigins.com\/wp-content\/uploads\/2020\/05\/linea-cultivo2.jpg\" alt=\"\" srcset=\"https:\/\/peruorigins.com\/wp-content\/uploads\/2020\/05\/linea-cultivo2.jpg 1984w, https:\/\/peruorigins.com\/wp-content\/uploads\/2020\/05\/linea-cultivo2-300x21.jpg 300w, https:\/\/peruorigins.com\/wp-content\/uploads\/2020\/05\/linea-cultivo2-1024x73.jpg 1024w, https:\/\/peruorigins.com\/wp-content\/uploads\/2020\/05\/linea-cultivo2-768x55.jpg 768w, https:\/\/peruorigins.com\/wp-content\/uploads\/2020\/05\/linea-cultivo2-1536x110.jpg 1536w, https:\/\/peruorigins.com\/wp-content\/uploads\/2020\/05\/linea-cultivo2-600x43.jpg 600w\" sizes=\"auto, (max-width: 1984px) 100vw, 1984px\" \/>\t\t\t\t\t\t\t\t\t\t\t<\/p>\n<h1><b><u>Usos<\/u><\/b><\/h1>\n<p>Se utiliza para consumir como snack, se utilizan en las barras energ\u00e9ticas y se puede adicionar en coberturas para ensaladas (como pasas), jugos, yogures, etc. Se completan para utilizar en la industria del chocolate y pasteler\u00eda.<\/p>\n<h1><u>Presentaciones<\/u><\/h1>\n<p>\t\t\t\t\t\t\t\t\t\t<img loading=\"lazy\" decoding=\"async\" width=\"198\" height=\"99\" src=\"http:\/\/peruorigins.com\/wp-content\/uploads\/2020\/06\/powder_deshidratado.jpeg\" alt=\"\" \/>\t\t\t\t\t\t\t\t\t\t\t<\/p>\n<h1><u>Ubicaci\u00f3n<\/u><\/h1>\n<p>\t\t\t\t\t\t\t\t\t\t<img loading=\"lazy\" decoding=\"async\" width=\"805\" height=\"885\" src=\"http:\/\/peruorigins.com\/wp-content\/uploads\/2020\/06\/aguaymanto-map.jpg\" alt=\"\" srcset=\"https:\/\/peruorigins.com\/wp-content\/uploads\/2020\/06\/aguaymanto-map.jpg 805w, https:\/\/peruorigins.com\/wp-content\/uploads\/2020\/06\/aguaymanto-map-273x300.jpg 273w, https:\/\/peruorigins.com\/wp-content\/uploads\/2020\/06\/aguaymanto-map-768x844.jpg 768w, https:\/\/peruorigins.com\/wp-content\/uploads\/2020\/06\/aguaymanto-map-600x660.jpg 600w\" sizes=\"auto, (max-width: 805px) 100vw, 805px\" \/><br \/>\n\t\t\t\t\t\t\t\t\t\t<img loading=\"lazy\" decoding=\"async\" width=\"770\" height=\"121\" src=\"http:\/\/peruorigins.com\/wp-content\/uploads\/2020\/06\/aguaymanto-cuadro.png\" alt=\"\" srcset=\"https:\/\/peruorigins.com\/wp-content\/uploads\/2020\/06\/aguaymanto-cuadro.png 770w, https:\/\/peruorigins.com\/wp-content\/uploads\/2020\/06\/aguaymanto-cuadro-300x47.png 300w, https:\/\/peruorigins.com\/wp-content\/uploads\/2020\/06\/aguaymanto-cuadro-768x121.png 768w, https:\/\/peruorigins.com\/wp-content\/uploads\/2020\/06\/aguaymanto-cuadro-600x94.png 600w\" sizes=\"auto, (max-width: 770px) 100vw, 770px\" \/><\/p>","protected":false},"excerpt":{"rendered":"<p>Previous Next Physalis Peruviana L. The golden berry \u00a0(Physalis peruviana L.) is a shrub, native of the Peruvian Andes, known as a native fruit since the Inca times. It was one of the preferred plants in the garden of the nobles and was particularly cultivated in the sacred valley of the Incas. This fruit is [&hellip;]<\/p>","protected":false},"author":1,"featured_media":0,"parent":0,"menu_order":0,"comment_status":"closed","ping_status":"closed","template":"","meta":{"_joinchat":[],"footnotes":""},"class_list":["post-811","page","type-page","status-publish","hentry","entry"],"_links":{"self":[{"href":"https:\/\/peruorigins.com\/es\/wp-json\/wp\/v2\/pages\/811","targetHints":{"allow":["GET"]}}],"collection":[{"href":"https:\/\/peruorigins.com\/es\/wp-json\/wp\/v2\/pages"}],"about":[{"href":"https:\/\/peruorigins.com\/es\/wp-json\/wp\/v2\/types\/page"}],"author":[{"embeddable":true,"href":"https:\/\/peruorigins.com\/es\/wp-json\/wp\/v2\/users\/1"}],"replies":[{"embeddable":true,"href":"https:\/\/peruorigins.com\/es\/wp-json\/wp\/v2\/comments?post=811"}],"version-history":[{"count":17,"href":"https:\/\/peruorigins.com\/es\/wp-json\/wp\/v2\/pages\/811\/revisions"}],"predecessor-version":[{"id":1313,"href":"https:\/\/peruorigins.com\/es\/wp-json\/wp\/v2\/pages\/811\/revisions\/1313"}],"wp:attachment":[{"href":"https:\/\/peruorigins.com\/es\/wp-json\/wp\/v2\/media?parent=811"}],"curies":[{"name":"wp","href":"https:\/\/api.w.org\/{rel}","templated":true}]}}